{"id":1458,"date":"2024-04-28T01:24:00","date_gmt":"2024-04-28T01:24:00","guid":{"rendered":"https:\/\/marketing.pueble.ar\/?page_id=1458"},"modified":"2024-04-28T02:59:07","modified_gmt":"2024-04-28T02:59:07","slug":"confederacion-latinoamericana-y-caribena-de-energia-y-telecomunicaciones-rurales-tecnologias-de-la-informacion-y-la-comunicacion","status":"publish","type":"page","link":"https:\/\/marketing.pueble.ar\/pt\/confederacion-latinoamericana-y-caribena-de-energia-y-telecomunicaciones-rurales-tecnologias-de-la-informacion-y-la-comunicacion\/","title":{"rendered":"Confederaci\u00f3n Latinoamericana y Caribe\u00f1a de Energ\u00eda y Telecomunicaciones Rurales Tecnolog\u00edas de la Informaci\u00f3n y la Comunicaci\u00f3n"},"content":{"rendered":"<div class=\"gb-container gb-container-97876ffd\">\n\n<h2 class=\"gb-headline gb-headline-28eaece0 gb-headline-text\">Confederaci\u00f3n Latinoamericana y Caribe\u00f1a de Energ\u00eda y Telecomunicaciones Rurales Tecnolog\u00edas de la Informaci\u00f3n y la Comunicaci\u00f3n<\/h2>\n\n\n\n<h2 class=\"gb-headline gb-headline-636767c0 gb-headline-text\">Elaboraci\u00f3n de Folleto digital con propuestas tur\u00edsticas para el <a href=\"https:\/\/clertic.ar\/\" target=\"_blank\" rel=\"noreferrer noopener\">CLERTIC <\/a><\/h2>\n\n\n<div class=\"_df_thumb\" id=\"df_1452\"  _slug=\"1452\" data-title=\"propuesta-clertic\" wpoptions=\"true\" thumb=\"https:\/\/marketing.pueble.ar\/wp-content\/uploads\/2024\/04\/Pueblear-te-invita-al-Valle-de-Calamuchita.png\" thumbtype=\"\" >propuesta CLERTIC<\/div><script class=\"df-shortcode-script\" nowprocket type=\"application\/javascript\">window.option_df_1452 = {\"outline\":[],\"autoEnableOutline\":\"false\",\"autoEnableThumbnail\":\"false\",\"overwritePDFOutline\":\"false\",\"direction\":\"1\",\"pageSize\":\"0\",\"source\":\"https:\\\/\\\/marketing.pueble.ar\\\/wp-content\\\/uploads\\\/2024\\\/04\\\/Pueblear-te-invita-al-Valle-de-Calamuchita1.pdf\",\"wpOptions\":\"true\"}; if(window.DFLIP && window.DFLIP.parseBooks){window.DFLIP.parseBooks();}<\/script>\n\n<\/div>","protected":false},"excerpt":{"rendered":"<p>Confederaci\u00f3n Latinoamericana y Caribe\u00f1a de Energ\u00eda y Telecomunicaciones Rurales Tecnolog\u00edas de la Informaci\u00f3n y la Comunicaci\u00f3n Elaboraci\u00f3n de Folleto digital con propuestas tur\u00edsticas para el CLERTIC<\/p>","protected":false},"author":1,"featured_media":1456,"parent":0,"menu_order":0,"comment_status":"closed","ping_status":"closed","template":"","meta":{"footnotes":""},"class_list":["post-1458","page","type-page","status-publish","has-post-thumbnail"],"_links":{"self":[{"href":"https:\/\/marketing.pueble.ar\/pt\/wp-json\/wp\/v2\/pages\/1458","targetHints":{"allow":["GET"]}}],"collection":[{"href":"https:\/\/marketing.pueble.ar\/pt\/wp-json\/wp\/v2\/pages"}],"about":[{"href":"https:\/\/marketing.pueble.ar\/pt\/wp-json\/wp\/v2\/types\/page"}],"author":[{"embeddable":true,"href":"https:\/\/marketing.pueble.ar\/pt\/wp-json\/wp\/v2\/users\/1"}],"replies":[{"embeddable":true,"href":"https:\/\/marketing.pueble.ar\/pt\/wp-json\/wp\/v2\/comments?post=1458"}],"version-history":[{"count":2,"href":"https:\/\/marketing.pueble.ar\/pt\/wp-json\/wp\/v2\/pages\/1458\/revisions"}],"predecessor-version":[{"id":1464,"href":"https:\/\/marketing.pueble.ar\/pt\/wp-json\/wp\/v2\/pages\/1458\/revisions\/1464"}],"wp:featuredmedia":[{"embeddable":true,"href":"https:\/\/marketing.pueble.ar\/pt\/wp-json\/wp\/v2\/media\/1456"}],"wp:attachment":[{"href":"https:\/\/marketing.pueble.ar\/pt\/wp-json\/wp\/v2\/media?parent=1458"}],"curies":[{"name":"wp","href":"https:\/\/api.w.org\/{rel}","templated":true}]}}