{"id":1644,"date":"2024-05-02T00:01:28","date_gmt":"2024-05-02T00:01:28","guid":{"rendered":"https:\/\/marketing.pueble.ar\/?page_id=1644"},"modified":"2026-02-09T15:29:04","modified_gmt":"2026-02-09T15:29:04","slug":"gestion-de-redes-sociales","status":"publish","type":"page","link":"https:\/\/marketing.pueble.ar\/pt\/gestion-de-redes-sociales\/","title":{"rendered":"Gerenciamento de Redes Sociais"},"content":{"rendered":"<div class=\"gb-container gb-container-409adf8c\">\n<section class=\"gb-container gb-container-3372ee35\">\n\n<h2 class=\"gb-headline gb-headline-190c90be\"><span class=\"gb-icon\"><svg xmlns=\"http:\/\/www.w3.org\/2000\/svg\" width=\"16\" height=\"16\" class=\"bi bi-dash\" viewbox=\"0 0 16 16\">   <path d=\"M4 8a.5.5 0 0 1 .5-.5h7a.5.5 0 0 1 0 1h-7A.5.5 0 0 1 4 8z\"><\/path> <\/svg><\/span><span class=\"gb-headline-text\"><strong><a href=\"https:\/\/marketing.pueble.ar\/pt\/plan-de-vidriera-digital\/\" target=\"_blank\" rel=\"noreferrer noopener\">Plano de Vitrine Digital<\/a><\/strong><\/span><\/h2>\n\n\n\n<figure class=\"wp-block-image size-full\"><a href=\"https:\/\/marketing.pueble.ar\/pt\/plan-de-vidriera-digital\/\" target=\"_blank\" rel=\" noreferrer noopener\"><img loading=\"lazy\" decoding=\"async\" width=\"1024\" height=\"730\" src=\"https:\/\/marketing.pueble.ar\/wp-content\/uploads\/2026\/02\/BRASIL-PARA-ARGENTINOS-1-e1772310162593.png\" alt=\"plan de vidriera digital\" class=\"wp-image-1997\" srcset=\"https:\/\/marketing.pueble.ar\/wp-content\/uploads\/2026\/02\/BRASIL-PARA-ARGENTINOS-1-e1772310162593.png 1413w, https:\/\/marketing.pueble.ar\/wp-content\/uploads\/2026\/02\/BRASIL-PARA-ARGENTINOS-1-e1772310162593-300x251.png 300w, https:\/\/marketing.pueble.ar\/wp-content\/uploads\/2026\/02\/BRASIL-PARA-ARGENTINOS-1-e1772310162593-1024x857.png 1024w, https:\/\/marketing.pueble.ar\/wp-content\/uploads\/2026\/02\/BRASIL-PARA-ARGENTINOS-1-e1772310162593-768x643.png 768w, https:\/\/marketing.pueble.ar\/wp-content\/uploads\/2026\/02\/BRASIL-PARA-ARGENTINOS-1-e1772310162593-14x12.png 14w\" sizes=\"auto, (max-width: 1024px) 100vw, 1024px\" \/><\/a><\/figure>\n\n<\/section>\n\n<div class=\"gb-container gb-container-63cb4925\">\n\n<h3 class=\"gb-headline gb-headline-8bb3b174 gb-headline-text\">Gerenciamento de Redes Sociais<\/h3>\n\n\n\n<h3 class=\"gb-headline gb-headline-7a972a15 gb-headline-text\">A gest\u00e3o eficaz das redes sociais \u00e9 fundamental para o sucesso de praticamente qualquer projeto tur\u00edstico.<\/h3>\n\n\n\n<h3 class=\"gb-headline gb-headline-bd0861ff gb-headline-text\">Em um cen\u00e1rio onde a concorr\u00eancia pela aten\u00e7\u00e3o \u00e9 cada vez maior, as redes sociais oferecem uma plataforma valiosa para promover destinos e propostas tur\u00edsticas, atrair visitantes e ampliar o alcance e a visibilidade do seu empreendimento.<\/h3>\n\n\n\n<h3 class=\"gb-headline gb-headline-18492cd8 gb-headline-text\">As redes sociais permitem alcan\u00e7ar um p\u00fablico global de forma instant\u00e2nea e com baixo custo.<\/h3>\n\n\n\n<h3 class=\"gb-headline gb-headline-bf46d95c gb-headline-text\">Por meio de estrat\u00e9gias de conte\u00fado criativas e bem direcionadas, \u00e9 poss\u00edvel apresentar a beleza natural do Vale de Calamuchita, destacar seus atrativos tur\u00edsticos, eventos locais e atividades ao ar livre, al\u00e9m de conectar-se com potenciais turistas do mundo todo. <\/h3>\n\n\n\n<h3 class=\"gb-headline gb-headline-69ff04cf gb-headline-text\">Al\u00e9m disso, a intera\u00e7\u00e3o direta com os usu\u00e1rios em plataformas como Facebook, Instagram ou WhatsApp oferece a oportunidade de responder d\u00favidas, fornecer recomenda\u00e7\u00f5es personalizadas e gerar confian\u00e7a na marca.<\/h3>\n\n\n\n<h3 class=\"gb-headline gb-headline-de5f6f64 gb-headline-text\">Desde nossa ag\u00eancia, desenvolvemos um Plano de Comunica\u00e7\u00e3o adequado ao seu projeto.<\/h3>\n\n<\/div>\n\n<div class=\"gb-container gb-container-f74a7d84\">\n<div class=\"gb-grid-wrapper gb-grid-wrapper-60e77008\">\n<div class=\"gb-grid-column gb-grid-column-6b32bfa5\"><div class=\"gb-container gb-container-6b32bfa5\">\n\n<h3 class=\"gb-headline gb-headline-f69be369 gb-headline-text\">Estrat\u00e9gia de Redes Sociais<\/h3>\n\n\n\n<h3 class=\"gb-headline gb-headline-7c3354f0 gb-headline-text\">1) Plano detalhado que define p\u00fablico-alvo, calend\u00e1rio de publica\u00e7\u00f5es e m\u00e9tricas de sucesso para cada rede social.<\/h3>\n\n\n\n<h3 class=\"gb-headline gb-headline-00de78ad gb-headline-text\">2) Gest\u00e3o di\u00e1ria dos perfis, incluindo publica\u00e7\u00e3o de conte\u00fado, resposta a coment\u00e1rios e mensagens diretas, al\u00e9m da modera\u00e7\u00e3o da comunidade para fortalecer o relacionamento e obter feedback constante.<\/h3>\n\n\n\n<h3 class=\"gb-headline gb-headline-8992016a gb-headline-text\">3) Cria\u00e7\u00e3o e gest\u00e3o de conte\u00fado e campanhas pagas em plataformas como Meta Ads, com foco em aumentar visibilidade, engajamento e convers\u00f5es.<\/h3>\n\n\n\n<h3 class=\"gb-headline gb-headline-1de4d740 gb-headline-text\">4) Monitoramento cont\u00ednuo do desempenho das campanhas, an\u00e1lise de dados e elabora\u00e7\u00e3o de relat\u00f3rios para identificar oportunidades de melhoria e ajustar a estrat\u00e9gia sempre que necess\u00e1rio.<\/h3>\n\n<\/div><\/div>\n\n<div class=\"gb-grid-column gb-grid-column-17a32bae\"><div class=\"gb-container gb-container-17a32bae\">\n\n<figure class=\"wp-block-image size-full is-resized\"><img loading=\"lazy\" decoding=\"async\" width=\"500\" height=\"500\" src=\"https:\/\/marketing.pueble.ar\/wp-content\/uploads\/2024\/05\/Diseno_sin_titulo__2_-removebg-preview.png\" alt=\"\" class=\"wp-image-1655\" style=\"width:329px;height:auto\" srcset=\"https:\/\/marketing.pueble.ar\/wp-content\/uploads\/2024\/05\/Diseno_sin_titulo__2_-removebg-preview.png 500w, https:\/\/marketing.pueble.ar\/wp-content\/uploads\/2024\/05\/Diseno_sin_titulo__2_-removebg-preview-300x300.png 300w, https:\/\/marketing.pueble.ar\/wp-content\/uploads\/2024\/05\/Diseno_sin_titulo__2_-removebg-preview-150x150.png 150w\" sizes=\"auto, (max-width: 500px) 100vw, 500px\" \/><\/figure>\n\n<\/div><\/div>\n<\/div>\n<\/div>\n\n<div class=\"gb-container gb-container-0a880568\">\n<div class=\"gb-grid-wrapper gb-grid-wrapper-be352e2b\">\n<div class=\"gb-grid-column gb-grid-column-f145de7e\"><div class=\"gb-container gb-container-f145de7e\">\n\n<h3 class=\"gb-headline gb-headline-879701d6 gb-headline-text\">Comunica\u00e7\u00e3o Interna e Externa<\/h3>\n\n\n\n<h3 class=\"gb-headline gb-headline-9c6482d6 gb-headline-text\">Desenvolvemos uma  <strong>comunica\u00e7\u00e3o estrat\u00e9gica <\/strong>tanto para o p\u00fablico interno da sua empresa quanto para sua comunidade, garantindo uma identidade de marca clara e coerente. <\/h3>\n\n\n\n<h3 class=\"gb-headline gb-headline-fe151546 gb-headline-text\">Um plano de comunica\u00e7\u00e3o integrado permite a gest\u00e3o adequada dos canais mais eficientes para gerar impacto positivo junto ao p\u00fablico.<\/h3>\n\n<\/div><\/div>\n\n<div class=\"gb-grid-column gb-grid-column-99463ccf\"><div class=\"gb-container gb-container-99463ccf\">\n\n<figure class=\"wp-block-image size-full is-resized\"><img loading=\"lazy\" decoding=\"async\" width=\"500\" height=\"500\" src=\"https:\/\/marketing.pueble.ar\/wp-content\/uploads\/2024\/05\/Diseno_sin_titulo__3_-removebg-preview.png\" alt=\"\" class=\"wp-image-1659\" style=\"width:294px;height:auto\" srcset=\"https:\/\/marketing.pueble.ar\/wp-content\/uploads\/2024\/05\/Diseno_sin_titulo__3_-removebg-preview.png 500w, https:\/\/marketing.pueble.ar\/wp-content\/uploads\/2024\/05\/Diseno_sin_titulo__3_-removebg-preview-300x300.png 300w, https:\/\/marketing.pueble.ar\/wp-content\/uploads\/2024\/05\/Diseno_sin_titulo__3_-removebg-preview-150x150.png 150w\" sizes=\"auto, (max-width: 500px) 100vw, 500px\" \/><\/figure>\n\n<\/div><\/div>\n<\/div>\n<\/div>\n\n<div class=\"gb-container gb-container-df23fb33\">\n<div class=\"gb-grid-wrapper gb-grid-wrapper-526e4fc0\">\n<div class=\"gb-grid-column gb-grid-column-027c550f\"><div class=\"gb-container gb-container-027c550f\">\n\n<h3 class=\"gb-headline gb-headline-d74ff4c4 gb-headline-text\">Comunica\u00e7\u00e3o Institucional<\/h3>\n\n\n\n<h3 class=\"gb-headline gb-headline-bf05b8b2 gb-headline-text\">Tornamo-nos parceiros da sua marca para fortalecer e aprimorar o relacionamento entre sua organiza\u00e7\u00e3o e os diferentes setores p\u00fablicos ligados ao turismo.<\/h3>\n\n\n\n<h3 class=\"gb-headline gb-headline-4ae39dcc gb-headline-text\">Como tamb\u00e9m atuamos como ve\u00edculo de imprensa, mantemos contato constante com Secret\u00e1rios de Turismo, assessorias de imprensa e demais cargos relacionados.<\/h3>\n\n\n\n<h3 class=\"gb-headline gb-headline-adf3f7fc gb-headline-text\">A correta gest\u00e3o das rela\u00e7\u00f5es institucionais e da comunica\u00e7\u00e3o permite que sua organiza\u00e7\u00e3o se posicione de forma r\u00e1pida e s\u00f3lida no mercado.<\/h3>\n\n<\/div><\/div>\n\n<div class=\"gb-grid-column gb-grid-column-81fc6fb6\"><div class=\"gb-container gb-container-81fc6fb6\">\n\n<figure class=\"wp-block-image size-full is-resized\"><img loading=\"lazy\" decoding=\"async\" width=\"500\" height=\"500\" src=\"https:\/\/marketing.pueble.ar\/wp-content\/uploads\/2024\/05\/Diseno_sin_titulo__3_-removebg-preview.png\" alt=\"\" class=\"wp-image-1659\" style=\"width:294px;height:auto\" srcset=\"https:\/\/marketing.pueble.ar\/wp-content\/uploads\/2024\/05\/Diseno_sin_titulo__3_-removebg-preview.png 500w, https:\/\/marketing.pueble.ar\/wp-content\/uploads\/2024\/05\/Diseno_sin_titulo__3_-removebg-preview-300x300.png 300w, https:\/\/marketing.pueble.ar\/wp-content\/uploads\/2024\/05\/Diseno_sin_titulo__3_-removebg-preview-150x150.png 150w\" sizes=\"auto, (max-width: 500px) 100vw, 500px\" \/><\/figure>\n\n<\/div><\/div>\n<\/div>\n<\/div>\n<\/div>","protected":false},"excerpt":{"rendered":"<p>Plan de vidriera digital Gesti\u00f3n de Redes Sociales La gesti\u00f3n efectiva de las redes sociales es crucial para el \u00e9xito de casi cualquier proyecto de turismo. En un entorno donde la competencia por la atenci\u00f3n es cada vez m\u00e1s alta, las redes sociales ofrecen una plataforma invaluable para promover destinos y propuestas tur\u00edsticas, atraer visitantes &#8230; <a title=\"Gerenciamento de Redes Sociais\" class=\"read-more\" href=\"https:\/\/marketing.pueble.ar\/pt\/gestion-de-redes-sociales\/\" aria-label=\"Read more about Gesti\u00f3n de Redes Sociales\">Leia mais<\/a><\/p>","protected":false},"author":1,"featured_media":0,"parent":0,"menu_order":0,"comment_status":"closed","ping_status":"closed","template":"","meta":{"footnotes":""},"class_list":["post-1644","page","type-page","status-publish"],"_links":{"self":[{"href":"https:\/\/marketing.pueble.ar\/pt\/wp-json\/wp\/v2\/pages\/1644","targetHints":{"allow":["GET"]}}],"collection":[{"href":"https:\/\/marketing.pueble.ar\/pt\/wp-json\/wp\/v2\/pages"}],"about":[{"href":"https:\/\/marketing.pueble.ar\/pt\/wp-json\/wp\/v2\/types\/page"}],"author":[{"embeddable":true,"href":"https:\/\/marketing.pueble.ar\/pt\/wp-json\/wp\/v2\/users\/1"}],"replies":[{"embeddable":true,"href":"https:\/\/marketing.pueble.ar\/pt\/wp-json\/wp\/v2\/comments?post=1644"}],"version-history":[{"count":7,"href":"https:\/\/marketing.pueble.ar\/pt\/wp-json\/wp\/v2\/pages\/1644\/revisions"}],"predecessor-version":[{"id":2037,"href":"https:\/\/marketing.pueble.ar\/pt\/wp-json\/wp\/v2\/pages\/1644\/revisions\/2037"}],"wp:attachment":[{"href":"https:\/\/marketing.pueble.ar\/pt\/wp-json\/wp\/v2\/media?parent=1644"}],"curies":[{"name":"wp","href":"https:\/\/api.w.org\/{rel}","templated":true}]}}