{"id":1665,"date":"2024-05-03T00:24:19","date_gmt":"2024-05-03T00:24:19","guid":{"rendered":"https:\/\/marketing.pueble.ar\/?page_id=1665"},"modified":"2026-02-28T21:40:54","modified_gmt":"2026-02-28T21:40:54","slug":"diseno-web","status":"publish","type":"page","link":"https:\/\/marketing.pueble.ar\/pt\/diseno-web\/","title":{"rendered":"Dise\u00f1o Web"},"content":{"rendered":"<div class=\"gb-container gb-container-409adf8c\">\n<section class=\"gb-container gb-container-3372ee35\">\n\n<h2 class=\"gb-headline gb-headline-190c90be\"><span class=\"gb-icon\"><svg xmlns=\"http:\/\/www.w3.org\/2000\/svg\" width=\"16\" height=\"16\" class=\"bi bi-dash\" viewbox=\"0 0 16 16\">   <path d=\"M4 8a.5.5 0 0 1 .5-.5h7a.5.5 0 0 1 0 1h-7A.5.5 0 0 1 4 8z\"><\/path> <\/svg><\/span><span class=\"gb-headline-text\"><strong><a href=\"https:\/\/marketing.pueble.ar\/pt\/plan-de-vidriera-digital\/\" target=\"_blank\" rel=\"noreferrer noopener\">Plano de Vitrine Digital<\/a><\/strong><\/span><\/h2>\n\n\n\n<figure class=\"wp-block-image size-full\"><a href=\"https:\/\/marketing.pueble.ar\/pt\/plan-de-vidriera-digital\/\" target=\"_blank\" rel=\" noreferrer noopener\"><img loading=\"lazy\" decoding=\"async\" width=\"1024\" height=\"730\" src=\"https:\/\/marketing.pueble.ar\/wp-content\/uploads\/2026\/02\/BRASIL-PARA-ARGENTINOS-1-e1772310162593.png\" alt=\"plan de vidriera digital\" class=\"wp-image-1997\" srcset=\"https:\/\/marketing.pueble.ar\/wp-content\/uploads\/2026\/02\/BRASIL-PARA-ARGENTINOS-1-e1772310162593.png 1413w, https:\/\/marketing.pueble.ar\/wp-content\/uploads\/2026\/02\/BRASIL-PARA-ARGENTINOS-1-e1772310162593-300x251.png 300w, https:\/\/marketing.pueble.ar\/wp-content\/uploads\/2026\/02\/BRASIL-PARA-ARGENTINOS-1-e1772310162593-1024x857.png 1024w, https:\/\/marketing.pueble.ar\/wp-content\/uploads\/2026\/02\/BRASIL-PARA-ARGENTINOS-1-e1772310162593-768x643.png 768w, https:\/\/marketing.pueble.ar\/wp-content\/uploads\/2026\/02\/BRASIL-PARA-ARGENTINOS-1-e1772310162593-14x12.png 14w\" sizes=\"auto, (max-width: 1024px) 100vw, 1024px\" \/><\/a><\/figure>\n\n<\/section>\n\n<div class=\"gb-container gb-container-63cb4925\">\n\n<h3 class=\"gb-headline gb-headline-8bb3b174 gb-headline-text\">Design e Desenvolvimento Web<\/h3>\n\n\n\n<h3 class=\"gb-headline gb-headline-7a972a15 gb-headline-text\">Ter um site para o seu neg\u00f3cio ou empreendimento no setor tur\u00edstico, especialmente em um destino t\u00e3o atrativo como Brasil, \u00e9 fundamental na era digital. <\/h3>\n\n\n\n<h3 class=\"gb-headline gb-headline-0c683773 gb-headline-text\">Um site n\u00e3o \u00e9 apenas uma ferramenta de visibilidade, mas tornou-se um pilar central de qualquer estrat\u00e9gia de marketing. <\/h3>\n\n\n\n<h3 class=\"gb-headline gb-headline-5e6ca93d gb-headline-text\">Em um cen\u00e1rio onde os turistas buscam informa\u00e7\u00f5es e experi\u00eancias antes de tomar decis\u00f5es, um site bem desenvolvido e otimizado \u00e9 o seu cart\u00e3o de visita virtual.<\/h3>\n\n\n\n<h3 class=\"gb-headline gb-headline-bd0861ff gb-headline-text\">Ele permite apresentar a ess\u00eancia do seu neg\u00f3cio de forma aut\u00eantica e convincente, desde a oferta de servi\u00e7os at\u00e9 as experi\u00eancias \u00fanicas que Brasil oferece como destino.<\/h3>\n\n\n\n<h3 class=\"gb-headline gb-headline-f5cda9c9 gb-headline-text\">Al\u00e9m disso, \u00e9 uma plataforma para interagir com potenciais clientes, responder d\u00favidas, fornecer informa\u00e7\u00f5es atualizadas sobre eventos, promo\u00e7\u00f5es ou pacotes tur\u00edsticos e gerar confian\u00e7a na sua marca.<\/h3>\n\n\n\n<h3 class=\"gb-headline gb-headline-18492cd8 gb-headline-text\">Em nossa ag\u00eancia de marketing, pesquisamos profundamente o seu projeto, analisamos a concorr\u00eancia e, a partir disso, planejamos e desenvolvemos um site sob medida.<\/h3>\n\n\n\n<h3 class=\"gb-headline gb-headline-e21ba143 gb-headline-text\">Nosso principal objetivo \u00e9 proporcionar uma excelente primeira impress\u00e3o, tanto no aspecto est\u00e9tico quanto em acessibilidade e usabilidade.<\/h3>\n\n<\/div>\n\n<div class=\"gb-container gb-container-f74a7d84\">\n<div class=\"gb-grid-wrapper gb-grid-wrapper-60e77008\">\n<div class=\"gb-grid-column gb-grid-column-6b32bfa5\"><div class=\"gb-container gb-container-6b32bfa5\">\n\n<h3 class=\"gb-headline gb-headline-f69be369 gb-headline-text\">Web Econ\u00f4mica ou Landing Page<\/h3>\n\n\n\n<h3 class=\"gb-headline gb-headline-7c3354f0 gb-headline-text\">Em uma \u00fanica p\u00e1gina organizamos todas as informa\u00e7\u00f5es da sua empresa.<\/h3>\n\n\n\n<h3 class=\"gb-headline gb-headline-00de78ad\"><span class=\"gb-icon\"><svg aria-hidden=\"true\" role=\"img\" height=\"1em\" width=\"1em\" viewbox=\"0 0 576 512\" xmlns=\"http:\/\/www.w3.org\/2000\/svg\"><path fill=\"currentColor\" d=\"M259.3 17.8L194 150.2 47.9 171.5c-26.2 3.8-36.7 36.1-17.7 54.6l105.7 103-25 145.5c-4.5 26.3 23.2 46 46.4 33.7L288 439.6l130.7 68.7c23.2 12.2 50.9-7.4 46.4-33.7l-25-145.5 105.7-103c19-18.5 8.5-50.8-17.7-54.6L382 150.2 316.7 17.8c-11.7-23.6-45.6-23.9-57.4 0z\"><\/path><\/svg><\/span><span class=\"gb-headline-text\"> Site Responsivo: design adapt\u00e1vel a todos os dispositivos, como celular, tablet ou desktop.<\/span><\/h3>\n\n\n\n<h3 class=\"gb-headline gb-headline-8992016a\"><span class=\"gb-icon\"><svg aria-hidden=\"true\" role=\"img\" height=\"1em\" width=\"1em\" viewbox=\"0 0 576 512\" xmlns=\"http:\/\/www.w3.org\/2000\/svg\"><path fill=\"currentColor\" d=\"M259.3 17.8L194 150.2 47.9 171.5c-26.2 3.8-36.7 36.1-17.7 54.6l105.7 103-25 145.5c-4.5 26.3 23.2 46 46.4 33.7L288 439.6l130.7 68.7c23.2 12.2 50.9-7.4 46.4-33.7l-25-145.5 105.7-103c19-18.5 8.5-50.8-17.7-54.6L382 150.2 316.7 17.8c-11.7-23.6-45.6-23.9-57.4 0z\"><\/path><\/svg><\/span><span class=\"gb-headline-text\"> Integra\u00e7\u00e3o com redes sociais. <\/span><\/h3>\n\n\n\n<h3 class=\"gb-headline gb-headline-1de4d740\"><span class=\"gb-icon\"><svg aria-hidden=\"true\" role=\"img\" height=\"1em\" width=\"1em\" viewbox=\"0 0 576 512\" xmlns=\"http:\/\/www.w3.org\/2000\/svg\"><path fill=\"currentColor\" d=\"M259.3 17.8L194 150.2 47.9 171.5c-26.2 3.8-36.7 36.1-17.7 54.6l105.7 103-25 145.5c-4.5 26.3 23.2 46 46.4 33.7L288 439.6l130.7 68.7c23.2 12.2 50.9-7.4 46.4-33.7l-25-145.5 105.7-103c19-18.5 8.5-50.8-17.7-54.6L382 150.2 316.7 17.8c-11.7-23.6-45.6-23.9-57.4 0z\"><\/path><\/svg><\/span><span class=\"gb-headline-text\"> Dados de contato com possibilidade de link direto para o WhatsApp. <\/span><\/h3>\n\n\n\n<h3 class=\"gb-headline gb-headline-5c90ae74\"><span class=\"gb-icon\"><svg aria-hidden=\"true\" role=\"img\" height=\"1em\" width=\"1em\" viewbox=\"0 0 576 512\" xmlns=\"http:\/\/www.w3.org\/2000\/svg\"><path fill=\"currentColor\" d=\"M259.3 17.8L194 150.2 47.9 171.5c-26.2 3.8-36.7 36.1-17.7 54.6l105.7 103-25 145.5c-4.5 26.3 23.2 46 46.4 33.7L288 439.6l130.7 68.7c23.2 12.2 50.9-7.4 46.4-33.7l-25-145.5 105.7-103c19-18.5 8.5-50.8-17.7-54.6L382 150.2 316.7 17.8c-11.7-23.6-45.6-23.9-57.4 0z\"><\/path><\/svg><\/span><span class=\"gb-headline-text\"> Localiza\u00e7\u00e3o integrada via Google Maps.<\/span><\/h3>\n\n<\/div><\/div>\n\n<div class=\"gb-grid-column gb-grid-column-17a32bae\"><div class=\"gb-container gb-container-17a32bae\">\n\n<figure class=\"wp-block-image size-full is-resized\"><img loading=\"lazy\" decoding=\"async\" width=\"500\" height=\"500\" src=\"https:\/\/marketing.pueble.ar\/wp-content\/uploads\/2024\/05\/Diseno_sin_titulo__2_-removebg-preview.png\" alt=\"\" class=\"wp-image-1655\" style=\"width:329px;height:auto\" srcset=\"https:\/\/marketing.pueble.ar\/wp-content\/uploads\/2024\/05\/Diseno_sin_titulo__2_-removebg-preview.png 500w, https:\/\/marketing.pueble.ar\/wp-content\/uploads\/2024\/05\/Diseno_sin_titulo__2_-removebg-preview-300x300.png 300w, https:\/\/marketing.pueble.ar\/wp-content\/uploads\/2024\/05\/Diseno_sin_titulo__2_-removebg-preview-150x150.png 150w\" sizes=\"auto, (max-width: 500px) 100vw, 500px\" \/><\/figure>\n\n<\/div><\/div>\n<\/div>\n<\/div>\n\n<div class=\"gb-container gb-container-0a880568\">\n<div class=\"gb-grid-wrapper gb-grid-wrapper-be352e2b\">\n<div class=\"gb-grid-column gb-grid-column-f145de7e\"><div class=\"gb-container gb-container-f145de7e\">\n\n<h3 class=\"gb-headline gb-headline-879701d6 gb-headline-text\">Web Profissional<\/h3>\n\n\n\n<h3 class=\"gb-headline gb-headline-9c6482d6 gb-headline-text\">Desenvolvimento de site profissional para empresas e com\u00e9rcios.<\/h3>\n\n\n\n<h3 class=\"gb-headline gb-headline-68d41b3c\"><span class=\"gb-icon\"><svg aria-hidden=\"true\" role=\"img\" height=\"1em\" width=\"1em\" viewbox=\"0 0 576 512\" xmlns=\"http:\/\/www.w3.org\/2000\/svg\"><path fill=\"currentColor\" d=\"M259.3 17.8L194 150.2 47.9 171.5c-26.2 3.8-36.7 36.1-17.7 54.6l105.7 103-25 145.5c-4.5 26.3 23.2 46 46.4 33.7L288 439.6l130.7 68.7c23.2 12.2 50.9-7.4 46.4-33.7l-25-145.5 105.7-103c19-18.5 8.5-50.8-17.7-54.6L382 150.2 316.7 17.8c-11.7-23.6-45.6-23.9-57.4 0z\"><\/path><\/svg><\/span><span class=\"gb-headline-text\">Estrutura com p\u00e1gina inicial + 4 se\u00e7\u00f5es internas (quem somos, servi\u00e7os, contato, etc.).<\/span><\/h3>\n\n\n\n<h3 class=\"gb-headline gb-headline-a4812a37\"><span class=\"gb-icon\"><svg aria-hidden=\"true\" role=\"img\" height=\"1em\" width=\"1em\" viewbox=\"0 0 576 512\" xmlns=\"http:\/\/www.w3.org\/2000\/svg\"><path fill=\"currentColor\" d=\"M259.3 17.8L194 150.2 47.9 171.5c-26.2 3.8-36.7 36.1-17.7 54.6l105.7 103-25 145.5c-4.5 26.3 23.2 46 46.4 33.7L288 439.6l130.7 68.7c23.2 12.2 50.9-7.4 46.4-33.7l-25-145.5 105.7-103c19-18.5 8.5-50.8-17.7-54.6L382 150.2 316.7 17.8c-11.7-23.6-45.6-23.9-57.4 0z\"><\/path><\/svg><\/span><span class=\"gb-headline-text\">Formul\u00e1rio de contato para facilitar a comunica\u00e7\u00e3o com clientes e usu\u00e1rios em geral. <\/span><\/h3>\n\n<\/div><\/div>\n\n<div class=\"gb-grid-column gb-grid-column-99463ccf\"><div class=\"gb-container gb-container-99463ccf\">\n\n<figure class=\"wp-block-image size-full is-resized\"><img loading=\"lazy\" decoding=\"async\" width=\"500\" height=\"500\" src=\"https:\/\/marketing.pueble.ar\/wp-content\/uploads\/2024\/05\/Diseno_sin_titulo__3_-removebg-preview.png\" alt=\"\" class=\"wp-image-1659\" style=\"width:294px;height:auto\" srcset=\"https:\/\/marketing.pueble.ar\/wp-content\/uploads\/2024\/05\/Diseno_sin_titulo__3_-removebg-preview.png 500w, https:\/\/marketing.pueble.ar\/wp-content\/uploads\/2024\/05\/Diseno_sin_titulo__3_-removebg-preview-300x300.png 300w, https:\/\/marketing.pueble.ar\/wp-content\/uploads\/2024\/05\/Diseno_sin_titulo__3_-removebg-preview-150x150.png 150w\" sizes=\"auto, (max-width: 500px) 100vw, 500px\" \/><\/figure>\n\n<\/div><\/div>\n<\/div>\n<\/div>\n\n<div class=\"gb-container gb-container-df23fb33\">\n<div class=\"gb-grid-wrapper gb-grid-wrapper-526e4fc0\">\n<div class=\"gb-grid-column gb-grid-column-027c550f\"><div class=\"gb-container gb-container-027c550f\">\n\n<h3 class=\"gb-headline gb-headline-d74ff4c4 gb-headline-text\">Web Tur\u00edstica com Sistema de Gest\u00e3o de Reservas<\/h3>\n\n\n\n<h3 class=\"gb-headline gb-headline-bf05b8b2 gb-headline-text\">Design espec\u00edfico para hot\u00e9is, pousadas, cabanas ou ag\u00eancias de viagem.<\/h3>\n\n\n\n<h3 class=\"gb-headline gb-headline-e0c36676\"><span class=\"gb-icon\"><svg aria-hidden=\"true\" role=\"img\" height=\"1em\" width=\"1em\" viewbox=\"0 0 576 512\" xmlns=\"http:\/\/www.w3.org\/2000\/svg\"><path fill=\"currentColor\" d=\"M259.3 17.8L194 150.2 47.9 171.5c-26.2 3.8-36.7 36.1-17.7 54.6l105.7 103-25 145.5c-4.5 26.3 23.2 46 46.4 33.7L288 439.6l130.7 68.7c23.2 12.2 50.9-7.4 46.4-33.7l-25-145.5 105.7-103c19-18.5 8.5-50.8-17.7-54.6L382 150.2 316.7 17.8c-11.7-23.6-45.6-23.9-57.4 0z\"><\/path><\/svg><\/span><span class=\"gb-headline-text\">Integra\u00e7\u00e3o de <a href=\"https:\/\/b3m-technologies.com\/product\/tureservapp\" target=\"_blank\" rel=\"noreferrer noopener\">sistema de reservas online.<\/a>. <\/span><\/h3>\n\n\n\n<h3 class=\"gb-headline gb-headline-adf3f7fc\"><span class=\"gb-icon\"><svg aria-hidden=\"true\" role=\"img\" height=\"1em\" width=\"1em\" viewbox=\"0 0 576 512\" xmlns=\"http:\/\/www.w3.org\/2000\/svg\"><path fill=\"currentColor\" d=\"M259.3 17.8L194 150.2 47.9 171.5c-26.2 3.8-36.7 36.1-17.7 54.6l105.7 103-25 145.5c-4.5 26.3 23.2 46 46.4 33.7L288 439.6l130.7 68.7c23.2 12.2 50.9-7.4 46.4-33.7l-25-145.5 105.7-103c19-18.5 8.5-50.8-17.7-54.6L382 150.2 316.7 17.8c-11.7-23.6-45.6-23.9-57.4 0z\"><\/path><\/svg><\/span><span class=\"gb-headline-text\"> M\u00f3dulo de promo\u00e7\u00f5es e eventos para fortalecer as estrat\u00e9gias de comunica\u00e7\u00e3o e marketing.<\/span><\/h3>\n\n\n\n<h3 class=\"gb-headline gb-headline-afcb4677\"><span class=\"gb-icon\"><svg aria-hidden=\"true\" role=\"img\" height=\"1em\" width=\"1em\" viewbox=\"0 0 576 512\" xmlns=\"http:\/\/www.w3.org\/2000\/svg\"><path fill=\"currentColor\" d=\"M259.3 17.8L194 150.2 47.9 171.5c-26.2 3.8-36.7 36.1-17.7 54.6l105.7 103-25 145.5c-4.5 26.3 23.2 46 46.4 33.7L288 439.6l130.7 68.7c23.2 12.2 50.9-7.4 46.4-33.7l-25-145.5 105.7-103c19-18.5 8.5-50.8-17.7-54.6L382 150.2 316.7 17.8c-11.7-23.6-45.6-23.9-57.4 0z\"><\/path><\/svg><\/span><span class=\"gb-headline-text\"> M\u00f3dulo sobre o entorno e a paisagem onde o empreendimento est\u00e1 localizado, destacando as experi\u00eancias tur\u00edsticas dispon\u00edveis na regi\u00e3o.<\/span><\/h3>\n\n<\/div><\/div>\n\n<div class=\"gb-grid-column gb-grid-column-81fc6fb6\"><div class=\"gb-container gb-container-81fc6fb6\">\n\n<figure class=\"wp-block-image size-full is-resized\"><img loading=\"lazy\" decoding=\"async\" width=\"500\" height=\"500\" src=\"https:\/\/marketing.pueble.ar\/wp-content\/uploads\/2024\/05\/Diseno_sin_titulo__3_-removebg-preview.png\" alt=\"\" class=\"wp-image-1659\" style=\"width:294px;height:auto\" srcset=\"https:\/\/marketing.pueble.ar\/wp-content\/uploads\/2024\/05\/Diseno_sin_titulo__3_-removebg-preview.png 500w, https:\/\/marketing.pueble.ar\/wp-content\/uploads\/2024\/05\/Diseno_sin_titulo__3_-removebg-preview-300x300.png 300w, https:\/\/marketing.pueble.ar\/wp-content\/uploads\/2024\/05\/Diseno_sin_titulo__3_-removebg-preview-150x150.png 150w\" sizes=\"auto, (max-width: 500px) 100vw, 500px\" \/><\/figure>\n\n<\/div><\/div>\n<\/div>\n<\/div>\n\n<div class=\"gb-container gb-container-cf167c24\">\n<div class=\"gb-grid-wrapper gb-grid-wrapper-d8fe1aa3\">\n<div class=\"gb-grid-column gb-grid-column-df55f755\"><div class=\"gb-container gb-container-df55f755\">\n\n<h3 class=\"gb-headline gb-headline-a57e076d gb-headline-text\">Loja Online ou E-commerce<\/h3>\n\n\n\n<h3 class=\"gb-headline gb-headline-2fcdef64 gb-headline-text\">Site autogerenci\u00e1vel, ideal para venda direta de produtos ou servi\u00e7os.<br><\/h3>\n\n\n\n<h3 class=\"gb-headline gb-headline-a49c3182\"><span class=\"gb-icon\"><svg aria-hidden=\"true\" role=\"img\" height=\"1em\" width=\"1em\" viewbox=\"0 0 576 512\" xmlns=\"http:\/\/www.w3.org\/2000\/svg\"><path fill=\"currentColor\" d=\"M259.3 17.8L194 150.2 47.9 171.5c-26.2 3.8-36.7 36.1-17.7 54.6l105.7 103-25 145.5c-4.5 26.3 23.2 46 46.4 33.7L288 439.6l130.7 68.7c23.2 12.2 50.9-7.4 46.4-33.7l-25-145.5 105.7-103c19-18.5 8.5-50.8-17.7-54.6L382 150.2 316.7 17.8c-11.7-23.6-45.6-23.9-57.4 0z\"><\/path><\/svg><\/span><span class=\"gb-headline-text\"><a href=\"https:\/\/b3m-technologies.com\/product\/tienda-online-ecommerce\" target=\"_blank\" rel=\"noreferrer noopener\">E-commerce<\/a> com cat\u00e1logo com varia\u00e7\u00f5es, carrinho persistente, checkout com pagamento via transfer\u00eancia e acompanhamento de pedidos.<\/span><\/h3>\n\n\n\n<h3 class=\"gb-headline gb-headline-cfcf94c6\"><span class=\"gb-icon\"><svg aria-hidden=\"true\" role=\"img\" height=\"1em\" width=\"1em\" viewbox=\"0 0 576 512\" xmlns=\"http:\/\/www.w3.org\/2000\/svg\"><path fill=\"currentColor\" d=\"M259.3 17.8L194 150.2 47.9 171.5c-26.2 3.8-36.7 36.1-17.7 54.6l105.7 103-25 145.5c-4.5 26.3 23.2 46 46.4 33.7L288 439.6l130.7 68.7c23.2 12.2 50.9-7.4 46.4-33.7l-25-145.5 105.7-103c19-18.5 8.5-50.8-17.7-54.6L382 150.2 316.7 17.8c-11.7-23.6-45.6-23.9-57.4 0z\"><\/path><\/svg><\/span><span class=\"gb-headline-text\">Notifica\u00e7\u00f5es autom\u00e1ticas: alertas de estoque, e-mails transacionais e integra\u00e7\u00e3o com WhatsApp.<\/span><\/h3>\n\n\n\n<h3 class=\"gb-headline gb-headline-0d9834bc\"><span class=\"gb-icon\"><svg aria-hidden=\"true\" role=\"img\" height=\"1em\" width=\"1em\" viewbox=\"0 0 576 512\" xmlns=\"http:\/\/www.w3.org\/2000\/svg\"><path fill=\"currentColor\" d=\"M259.3 17.8L194 150.2 47.9 171.5c-26.2 3.8-36.7 36.1-17.7 54.6l105.7 103-25 145.5c-4.5 26.3 23.2 46 46.4 33.7L288 439.6l130.7 68.7c23.2 12.2 50.9-7.4 46.4-33.7l-25-145.5 105.7-103c19-18.5 8.5-50.8-17.7-54.6L382 150.2 316.7 17.8c-11.7-23.6-45.6-23.9-57.4 0z\"><\/path><\/svg><\/span><span class=\"gb-headline-text\">Painel administrativo completo: gerencie tudo de forma simples e intuitiva.<\/span><\/h3>\n\n<\/div><\/div>\n\n<div class=\"gb-grid-column gb-grid-column-3431a3bc\"><div class=\"gb-container gb-container-3431a3bc\">\n\n<figure class=\"wp-block-image size-full is-resized\"><img loading=\"lazy\" decoding=\"async\" width=\"500\" height=\"500\" src=\"https:\/\/marketing.pueble.ar\/wp-content\/uploads\/2024\/05\/Diseno_sin_titulo__3_-removebg-preview.png\" alt=\"\" class=\"wp-image-1659\" style=\"width:294px;height:auto\" srcset=\"https:\/\/marketing.pueble.ar\/wp-content\/uploads\/2024\/05\/Diseno_sin_titulo__3_-removebg-preview.png 500w, https:\/\/marketing.pueble.ar\/wp-content\/uploads\/2024\/05\/Diseno_sin_titulo__3_-removebg-preview-300x300.png 300w, https:\/\/marketing.pueble.ar\/wp-content\/uploads\/2024\/05\/Diseno_sin_titulo__3_-removebg-preview-150x150.png 150w\" sizes=\"auto, (max-width: 500px) 100vw, 500px\" \/><\/figure>\n\n<\/div><\/div>\n<\/div>\n<\/div>\n<\/div>","protected":false},"excerpt":{"rendered":"<p>Plan de vidriera digital Dise\u00f1o y desarrollo web Tener una p\u00e1gina web para tu negocio o emprendimiento en el sector tur\u00edstico, especialmente en un lugar tan atractivo como el Valle de Calamuchita, es fundamental en la era digital. Un sitio web no solo es una herramienta de visibilidad, sino que se ha convertido en un &#8230; <a title=\"Dise\u00f1o Web\" class=\"read-more\" href=\"https:\/\/marketing.pueble.ar\/pt\/diseno-web\/\" aria-label=\"Read more about Dise\u00f1o Web\">Leia mais<\/a><\/p>","protected":false},"author":1,"featured_media":0,"parent":0,"menu_order":0,"comment_status":"closed","ping_status":"closed","template":"","meta":{"footnotes":""},"class_list":["post-1665","page","type-page","status-publish"],"_links":{"self":[{"href":"https:\/\/marketing.pueble.ar\/pt\/wp-json\/wp\/v2\/pages\/1665","targetHints":{"allow":["GET"]}}],"collection":[{"href":"https:\/\/marketing.pueble.ar\/pt\/wp-json\/wp\/v2\/pages"}],"about":[{"href":"https:\/\/marketing.pueble.ar\/pt\/wp-json\/wp\/v2\/types\/page"}],"author":[{"embeddable":true,"href":"https:\/\/marketing.pueble.ar\/pt\/wp-json\/wp\/v2\/users\/1"}],"replies":[{"embeddable":true,"href":"https:\/\/marketing.pueble.ar\/pt\/wp-json\/wp\/v2\/comments?post=1665"}],"version-history":[{"count":15,"href":"https:\/\/marketing.pueble.ar\/pt\/wp-json\/wp\/v2\/pages\/1665\/revisions"}],"predecessor-version":[{"id":2129,"href":"https:\/\/marketing.pueble.ar\/pt\/wp-json\/wp\/v2\/pages\/1665\/revisions\/2129"}],"wp:attachment":[{"href":"https:\/\/marketing.pueble.ar\/pt\/wp-json\/wp\/v2\/media?parent=1665"}],"curies":[{"name":"wp","href":"https:\/\/api.w.org\/{rel}","templated":true}]}}