{"id":1696,"date":"2024-05-03T02:52:52","date_gmt":"2024-05-03T02:52:52","guid":{"rendered":"https:\/\/marketing.pueble.ar\/?page_id=1696"},"modified":"2026-02-09T15:29:58","modified_gmt":"2026-02-09T15:29:58","slug":"gestion-de-campanas-publicitarias","status":"publish","type":"page","link":"https:\/\/marketing.pueble.ar\/pt\/gestion-de-campanas-publicitarias\/","title":{"rendered":"Gest\u00e3o de Tr\u00e1fego Pago"},"content":{"rendered":"<div class=\"gb-container gb-container-409adf8c\">\n<section class=\"gb-container gb-container-3372ee35\">\n\n<h2 class=\"gb-headline gb-headline-190c90be\"><span class=\"gb-icon\"><svg xmlns=\"http:\/\/www.w3.org\/2000\/svg\" width=\"16\" height=\"16\" class=\"bi bi-dash\" viewbox=\"0 0 16 16\">   <path d=\"M4 8a.5.5 0 0 1 .5-.5h7a.5.5 0 0 1 0 1h-7A.5.5 0 0 1 4 8z\"><\/path> <\/svg><\/span><span class=\"gb-headline-text\"><strong><a href=\"https:\/\/marketing.pueble.ar\/pt\/plan-de-vidriera-digital\/\" target=\"_blank\" rel=\"noreferrer noopener\">Plano de Vitrine Digital<\/a><\/strong><\/span><\/h2>\n\n\n\n<figure class=\"wp-block-image size-full\"><a href=\"https:\/\/marketing.pueble.ar\/pt\/plan-de-vidriera-digital\/\" target=\"_blank\" rel=\" noreferrer noopener\"><img loading=\"lazy\" decoding=\"async\" width=\"1024\" height=\"730\" src=\"https:\/\/marketing.pueble.ar\/wp-content\/uploads\/2026\/02\/BRASIL-PARA-ARGENTINOS-1-e1772310162593.png\" alt=\"plan de vidriera digital\" class=\"wp-image-1997\" srcset=\"https:\/\/marketing.pueble.ar\/wp-content\/uploads\/2026\/02\/BRASIL-PARA-ARGENTINOS-1-e1772310162593.png 1413w, https:\/\/marketing.pueble.ar\/wp-content\/uploads\/2026\/02\/BRASIL-PARA-ARGENTINOS-1-e1772310162593-300x251.png 300w, https:\/\/marketing.pueble.ar\/wp-content\/uploads\/2026\/02\/BRASIL-PARA-ARGENTINOS-1-e1772310162593-1024x857.png 1024w, https:\/\/marketing.pueble.ar\/wp-content\/uploads\/2026\/02\/BRASIL-PARA-ARGENTINOS-1-e1772310162593-768x643.png 768w, https:\/\/marketing.pueble.ar\/wp-content\/uploads\/2026\/02\/BRASIL-PARA-ARGENTINOS-1-e1772310162593-14x12.png 14w\" sizes=\"auto, (max-width: 1024px) 100vw, 1024px\" \/><\/a><\/figure>\n\n<\/section>\n\n<div class=\"gb-container gb-container-63cb4925\">\n\n<h3 class=\"gb-headline gb-headline-8bb3b174 gb-headline-text\">Gest\u00e3o de Tr\u00e1fego Pago<\/h3>\n\n\n\n<h3 class=\"gb-headline gb-headline-7a972a15 gb-headline-text\">As campanhas publicit\u00e1rias em redes sociais, como Meta Ads (anteriormente conhecidas como Facebook Ads e Instagram Ads), s\u00e3o uma ferramenta poderosa para impulsionar sua marca.<\/h3>\n\n\n\n<h3 class=\"gb-headline gb-headline-5ede269b gb-headline-text\">Em um mundo cada vez mais conectado digitalmente, essas plataformas oferecem alcance massivo e segmenta\u00e7\u00e3o precisa, permitindo que voc\u00ea atinja diretamente o seu p\u00fablico-alvo.<\/h3>\n\n\n\n<h3 class=\"gb-headline gb-headline-0c683773 gb-headline-text\">Com o Meta Ads, \u00e9 poss\u00edvel criar an\u00fancios altamente personalizados, ajustados aos interesses, comportamentos e localiza\u00e7\u00f5es geogr\u00e1ficas dos seus potenciais clientes.<\/h3>\n\n\n\n<h3 class=\"gb-headline gb-headline-13017814 gb-headline-text\">Por meio da gest\u00e3o de campanhas publicit\u00e1rias, \u00e9 poss\u00edvel promover pacotes tur\u00edsticos especiais, destacar eventos locais e apresentar a beleza natural do Vale de Calamuchita, alcan\u00e7ando um p\u00fablico relevante e captando sua aten\u00e7\u00e3o de forma estrat\u00e9gica.<\/h3>\n\n\n\n<h3 class=\"gb-headline gb-headline-5e6ca93d gb-headline-text\">Al\u00e9m disso, as ferramentas de an\u00e1lise do Meta Ads fornecem dados detalhados sobre o desempenho dos an\u00fancios, permitindo otimizar continuamente as estrat\u00e9gias de marketing e maximizar o retorno sobre o investimento (ROI). <\/h3>\n\n\n\n<h3 class=\"gb-headline gb-headline-8d3806c2 gb-headline-text\">Na Marketing Pueblear, oferecemos cria\u00e7\u00e3o e gest\u00e3o completa de campanhas publicit\u00e1rias.<\/h3>\n\n<\/div>\n\n<div class=\"gb-container gb-container-f74a7d84\">\n<div class=\"gb-grid-wrapper gb-grid-wrapper-60e77008\">\n<div class=\"gb-grid-column gb-grid-column-6b32bfa5\"><div class=\"gb-container gb-container-6b32bfa5\">\n\n<h3 class=\"gb-headline gb-headline-f69be369 gb-headline-text\"><strong>Consultoria Personalizada<\/strong><\/h3>\n\n\n\n<h3 class=\"gb-headline gb-headline-8992016a\"><span class=\"gb-icon\"><svg aria-hidden=\"true\" role=\"img\" height=\"1em\" width=\"1em\" viewbox=\"0 0 576 512\" xmlns=\"http:\/\/www.w3.org\/2000\/svg\"><path fill=\"currentColor\" d=\"M259.3 17.8L194 150.2 47.9 171.5c-26.2 3.8-36.7 36.1-17.7 54.6l105.7 103-25 145.5c-4.5 26.3 23.2 46 46.4 33.7L288 439.6l130.7 68.7c23.2 12.2 50.9-7.4 46.4-33.7l-25-145.5 105.7-103c19-18.5 8.5-50.8-17.7-54.6L382 150.2 316.7 17.8c-11.7-23.6-45.6-23.9-57.4 0z\"><\/path><\/svg><\/span><span class=\"gb-headline-text\">Analisamos as necessidades e os objetivos espec\u00edficos do seu projeto.<\/span><\/h3>\n\n\n\n<h3 class=\"gb-headline gb-headline-00de78ad\"><span class=\"gb-icon\"><svg aria-hidden=\"true\" role=\"img\" height=\"1em\" width=\"1em\" viewbox=\"0 0 576 512\" xmlns=\"http:\/\/www.w3.org\/2000\/svg\"><path fill=\"currentColor\" d=\"M259.3 17.8L194 150.2 47.9 171.5c-26.2 3.8-36.7 36.1-17.7 54.6l105.7 103-25 145.5c-4.5 26.3 23.2 46 46.4 33.7L288 439.6l130.7 68.7c23.2 12.2 50.9-7.4 46.4-33.7l-25-145.5 105.7-103c19-18.5 8.5-50.8-17.7-54.6L382 150.2 316.7 17.8c-11.7-23.6-45.6-23.9-57.4 0z\"><\/path><\/svg><\/span><span class=\"gb-headline-text\">Fornecemos recomenda\u00e7\u00f5es estrat\u00e9gicas sobre como utilizar de forma eficaz as campanhas publicit\u00e1rias em redes sociais para aumentar sua visibilidade e alcan\u00e7ar suas metas comerciais.<\/span><\/h3>\n\n<\/div><\/div>\n\n<div class=\"gb-grid-column gb-grid-column-17a32bae\"><div class=\"gb-container gb-container-17a32bae\">\n\n<figure class=\"wp-block-image size-full is-resized\"><img loading=\"lazy\" decoding=\"async\" width=\"500\" height=\"500\" src=\"https:\/\/marketing.pueble.ar\/wp-content\/uploads\/2024\/05\/Diseno_sin_titulo__2_-removebg-preview.png\" alt=\"\" class=\"wp-image-1655\" style=\"width:329px;height:auto\" srcset=\"https:\/\/marketing.pueble.ar\/wp-content\/uploads\/2024\/05\/Diseno_sin_titulo__2_-removebg-preview.png 500w, https:\/\/marketing.pueble.ar\/wp-content\/uploads\/2024\/05\/Diseno_sin_titulo__2_-removebg-preview-300x300.png 300w, https:\/\/marketing.pueble.ar\/wp-content\/uploads\/2024\/05\/Diseno_sin_titulo__2_-removebg-preview-150x150.png 150w\" sizes=\"auto, (max-width: 500px) 100vw, 500px\" \/><\/figure>\n\n<\/div><\/div>\n<\/div>\n<\/div>\n\n<div class=\"gb-container gb-container-0a880568\">\n<div class=\"gb-grid-wrapper gb-grid-wrapper-be352e2b\">\n<div class=\"gb-grid-column gb-grid-column-f145de7e\"><div class=\"gb-container gb-container-f145de7e\">\n\n<h3 class=\"gb-headline gb-headline-879701d6 gb-headline-text\"><strong>Gest\u00e3o Integral de Marketing Digital<\/strong><\/h3>\n\n\n\n<h3 class=\"gb-headline gb-headline-fe151546\"><span class=\"gb-icon\"><svg aria-hidden=\"true\" role=\"img\" height=\"1em\" width=\"1em\" viewbox=\"0 0 576 512\" xmlns=\"http:\/\/www.w3.org\/2000\/svg\"><path fill=\"currentColor\" d=\"M259.3 17.8L194 150.2 47.9 171.5c-26.2 3.8-36.7 36.1-17.7 54.6l105.7 103-25 145.5c-4.5 26.3 23.2 46 46.4 33.7L288 439.6l130.7 68.7c23.2 12.2 50.9-7.4 46.4-33.7l-25-145.5 105.7-103c19-18.5 8.5-50.8-17.7-54.6L382 150.2 316.7 17.8c-11.7-23.6-45.6-23.9-57.4 0z\"><\/path><\/svg><\/span><span class=\"gb-headline-text\">Gest\u00e3o de campanhas publicit\u00e1rias em redes sociais como parte de um pacote mais amplo de servi\u00e7os de marketing digital.<\/span><\/h3>\n\n\n\n<h3 class=\"gb-headline gb-headline-21dc9f4a\"><span class=\"gb-icon\"><svg aria-hidden=\"true\" role=\"img\" height=\"1em\" width=\"1em\" viewbox=\"0 0 576 512\" xmlns=\"http:\/\/www.w3.org\/2000\/svg\"><path fill=\"currentColor\" d=\"M259.3 17.8L194 150.2 47.9 171.5c-26.2 3.8-36.7 36.1-17.7 54.6l105.7 103-25 145.5c-4.5 26.3 23.2 46 46.4 33.7L288 439.6l130.7 68.7c23.2 12.2 50.9-7.4 46.4-33.7l-25-145.5 105.7-103c19-18.5 8.5-50.8-17.7-54.6L382 150.2 316.7 17.8c-11.7-23.6-45.6-23.9-57.4 0z\"><\/path><\/svg><\/span><span class=\"gb-headline-text\">Pacote 1: inclui marketing de conte\u00fado, gest\u00e3o de redes sociais e an\u00e1lise de dados. <\/span><\/h3>\n\n\n\n<h3 class=\"gb-headline gb-headline-3437e597\"><span class=\"gb-icon\"><svg aria-hidden=\"true\" role=\"img\" height=\"1em\" width=\"1em\" viewbox=\"0 0 576 512\" xmlns=\"http:\/\/www.w3.org\/2000\/svg\"><path fill=\"currentColor\" d=\"M259.3 17.8L194 150.2 47.9 171.5c-26.2 3.8-36.7 36.1-17.7 54.6l105.7 103-25 145.5c-4.5 26.3 23.2 46 46.4 33.7L288 439.6l130.7 68.7c23.2 12.2 50.9-7.4 46.4-33.7l-25-145.5 105.7-103c19-18.5 8.5-50.8-17.7-54.6L382 150.2 316.7 17.8c-11.7-23.6-45.6-23.9-57.4 0z\"><\/path><\/svg><\/span><span class=\"gb-headline-text\">Pacote 2: inclui desenvolvimento web e estrat\u00e9gias de SEO.<\/span><\/h3>\n\n<\/div><\/div>\n\n<div class=\"gb-grid-column gb-grid-column-99463ccf\"><div class=\"gb-container gb-container-99463ccf\">\n\n<figure class=\"wp-block-image size-full is-resized\"><img loading=\"lazy\" decoding=\"async\" width=\"500\" height=\"500\" src=\"https:\/\/marketing.pueble.ar\/wp-content\/uploads\/2024\/05\/Diseno_sin_titulo__3_-removebg-preview.png\" alt=\"\" class=\"wp-image-1659\" style=\"width:294px;height:auto\" srcset=\"https:\/\/marketing.pueble.ar\/wp-content\/uploads\/2024\/05\/Diseno_sin_titulo__3_-removebg-preview.png 500w, https:\/\/marketing.pueble.ar\/wp-content\/uploads\/2024\/05\/Diseno_sin_titulo__3_-removebg-preview-300x300.png 300w, https:\/\/marketing.pueble.ar\/wp-content\/uploads\/2024\/05\/Diseno_sin_titulo__3_-removebg-preview-150x150.png 150w\" sizes=\"auto, (max-width: 500px) 100vw, 500px\" \/><\/figure>\n\n<\/div><\/div>\n<\/div>\n<\/div>\n\n<div class=\"gb-container gb-container-df23fb33\">\n<div class=\"gb-grid-wrapper gb-grid-wrapper-526e4fc0\">\n<div class=\"gb-grid-column gb-grid-column-027c550f\"><div class=\"gb-container gb-container-027c550f\">\n\n<h3 class=\"gb-headline gb-headline-d74ff4c4 gb-headline-text\"><strong>Forma\u00e7\u00e3o e Capacita\u00e7\u00e3o<\/strong><\/h3>\n\n\n\n<h3 class=\"gb-headline gb-headline-4ae39dcc\"><span class=\"gb-icon\"><svg aria-hidden=\"true\" role=\"img\" height=\"1em\" width=\"1em\" viewbox=\"0 0 576 512\" xmlns=\"http:\/\/www.w3.org\/2000\/svg\"><path fill=\"currentColor\" d=\"M259.3 17.8L194 150.2 47.9 171.5c-26.2 3.8-36.7 36.1-17.7 54.6l105.7 103-25 145.5c-4.5 26.3 23.2 46 46.4 33.7L288 439.6l130.7 68.7c23.2 12.2 50.9-7.4 46.4-33.7l-25-145.5 105.7-103c19-18.5 8.5-50.8-17.7-54.6L382 150.2 316.7 17.8c-11.7-23.6-45.6-23.9-57.4 0z\"><\/path><\/svg><\/span><span class=\"gb-headline-text\">Para que voc\u00ea possa aprender a utilizar de forma eficaz as ferramentas de publicidade em redes sociais por conta pr\u00f3pria. <\/span><\/h3>\n\n\n\n<h3 class=\"gb-headline gb-headline-e8842b3a\"><span class=\"gb-icon\"><svg aria-hidden=\"true\" role=\"img\" height=\"1em\" width=\"1em\" viewbox=\"0 0 576 512\" xmlns=\"http:\/\/www.w3.org\/2000\/svg\"><path fill=\"currentColor\" d=\"M259.3 17.8L194 150.2 47.9 171.5c-26.2 3.8-36.7 36.1-17.7 54.6l105.7 103-25 145.5c-4.5 26.3 23.2 46 46.4 33.7L288 439.6l130.7 68.7c23.2 12.2 50.9-7.4 46.4-33.7l-25-145.5 105.7-103c19-18.5 8.5-50.8-17.7-54.6L382 150.2 316.7 17.8c-11.7-23.6-45.6-23.9-57.4 0z\"><\/path><\/svg><\/span><span class=\"gb-headline-text\">Pacote 1: sess\u00f5es de capacita\u00e7\u00e3o em grupo ou aulas gravadas.<\/span><\/h3>\n\n\n\n<h3 class=\"gb-headline gb-headline-89bd1d21\"><span class=\"gb-icon\"><svg aria-hidden=\"true\" role=\"img\" height=\"1em\" width=\"1em\" viewbox=\"0 0 576 512\" xmlns=\"http:\/\/www.w3.org\/2000\/svg\"><path fill=\"currentColor\" d=\"M259.3 17.8L194 150.2 47.9 171.5c-26.2 3.8-36.7 36.1-17.7 54.6l105.7 103-25 145.5c-4.5 26.3 23.2 46 46.4 33.7L288 439.6l130.7 68.7c23.2 12.2 50.9-7.4 46.4-33.7l-25-145.5 105.7-103c19-18.5 8.5-50.8-17.7-54.6L382 150.2 316.7 17.8c-11.7-23.6-45.6-23.9-57.4 0z\"><\/path><\/svg><\/span><span class=\"gb-headline-text\">Pacote 2: tutoriais personalizados de acordo com suas necessidades.<\/span><\/h3>\n\n<\/div><\/div>\n\n<div class=\"gb-grid-column gb-grid-column-81fc6fb6\"><div class=\"gb-container gb-container-81fc6fb6\">\n\n<figure class=\"wp-block-image size-full is-resized\"><img loading=\"lazy\" decoding=\"async\" width=\"500\" height=\"500\" src=\"https:\/\/marketing.pueble.ar\/wp-content\/uploads\/2024\/05\/Diseno_sin_titulo__3_-removebg-preview.png\" alt=\"\" class=\"wp-image-1659\" style=\"width:294px;height:auto\" srcset=\"https:\/\/marketing.pueble.ar\/wp-content\/uploads\/2024\/05\/Diseno_sin_titulo__3_-removebg-preview.png 500w, https:\/\/marketing.pueble.ar\/wp-content\/uploads\/2024\/05\/Diseno_sin_titulo__3_-removebg-preview-300x300.png 300w, https:\/\/marketing.pueble.ar\/wp-content\/uploads\/2024\/05\/Diseno_sin_titulo__3_-removebg-preview-150x150.png 150w\" sizes=\"auto, (max-width: 500px) 100vw, 500px\" \/><\/figure>\n\n<\/div><\/div>\n<\/div>\n<\/div>\n<\/div>","protected":false},"excerpt":{"rendered":"<p>Plan de vidriera digital Gesti\u00f3n de campa\u00f1as publicitarias Las campa\u00f1as publicitarias en redes sociales, como Meta Ads (anteriormente conocidas como Facebook Ads e Instagram Ads), son una herramienta poderosa para impulsar tu marca. En un mundo donde la conectividad digital es cada vez mayor, estas plataformas ofrecen un alcance masivo y una segmentaci\u00f3n precisa que &#8230; <a title=\"Gest\u00e3o de Tr\u00e1fego Pago\" class=\"read-more\" href=\"https:\/\/marketing.pueble.ar\/pt\/gestion-de-campanas-publicitarias\/\" aria-label=\"Read more about Gesti\u00f3n de campa\u00f1as publicitarias\">Leia mais<\/a><\/p>","protected":false},"author":1,"featured_media":0,"parent":0,"menu_order":0,"comment_status":"closed","ping_status":"closed","template":"","meta":{"footnotes":""},"class_list":["post-1696","page","type-page","status-publish"],"_links":{"self":[{"href":"https:\/\/marketing.pueble.ar\/pt\/wp-json\/wp\/v2\/pages\/1696","targetHints":{"allow":["GET"]}}],"collection":[{"href":"https:\/\/marketing.pueble.ar\/pt\/wp-json\/wp\/v2\/pages"}],"about":[{"href":"https:\/\/marketing.pueble.ar\/pt\/wp-json\/wp\/v2\/types\/page"}],"author":[{"embeddable":true,"href":"https:\/\/marketing.pueble.ar\/pt\/wp-json\/wp\/v2\/users\/1"}],"replies":[{"embeddable":true,"href":"https:\/\/marketing.pueble.ar\/pt\/wp-json\/wp\/v2\/comments?post=1696"}],"version-history":[{"count":2,"href":"https:\/\/marketing.pueble.ar\/pt\/wp-json\/wp\/v2\/pages\/1696\/revisions"}],"predecessor-version":[{"id":2039,"href":"https:\/\/marketing.pueble.ar\/pt\/wp-json\/wp\/v2\/pages\/1696\/revisions\/2039"}],"wp:attachment":[{"href":"https:\/\/marketing.pueble.ar\/pt\/wp-json\/wp\/v2\/media?parent=1696"}],"curies":[{"name":"wp","href":"https:\/\/api.w.org\/{rel}","templated":true}]}}