{"id":1995,"date":"2026-02-09T14:49:36","date_gmt":"2026-02-09T14:49:36","guid":{"rendered":"https:\/\/marketing.pueble.ar\/?page_id=1995"},"modified":"2026-02-28T23:18:30","modified_gmt":"2026-02-28T23:18:30","slug":"plan-de-vidriera-digital","status":"publish","type":"page","link":"https:\/\/marketing.pueble.ar\/pt\/plan-de-vidriera-digital\/","title":{"rendered":"plan de vidriera digital"},"content":{"rendered":"<div class=\"gb-container gb-container-14c2fd0b\" id=\"paquetes\">\n<div class=\"gb-container gb-container-6e907c09\">\n\n<figure class=\"gb-block-image gb-block-image-432b43cb\"><img loading=\"lazy\" decoding=\"async\" width=\"1024\" height=\"730\" class=\"gb-image gb-image-432b43cb\" src=\"https:\/\/marketing.pueble.ar\/wp-content\/uploads\/2026\/02\/BRASIL-PARA-ARGENTINOS-1-e1772310162593.png\" srcset=\"https:\/\/marketing.pueble.ar\/wp-content\/uploads\/2026\/02\/BRASIL-PARA-ARGENTINOS-1-e1772310162593.png 1413w, https:\/\/marketing.pueble.ar\/wp-content\/uploads\/2026\/02\/BRASIL-PARA-ARGENTINOS-1-e1772310162593-300x251.png 300w, https:\/\/marketing.pueble.ar\/wp-content\/uploads\/2026\/02\/BRASIL-PARA-ARGENTINOS-1-e1772310162593-1024x857.png 1024w, https:\/\/marketing.pueble.ar\/wp-content\/uploads\/2026\/02\/BRASIL-PARA-ARGENTINOS-1-e1772310162593-768x643.png 768w, https:\/\/marketing.pueble.ar\/wp-content\/uploads\/2026\/02\/BRASIL-PARA-ARGENTINOS-1-e1772310162593-14x12.png 14w\" sizes=\"auto, (max-width: 1024px) 100vw, 1024px\" \/><\/figure>\n\n<\/div>\n\n<div class=\"gb-container gb-container-b68caea7\">\n\n<h2 class=\"gb-headline gb-headline-c6848dee gb-headline-text\"><strong>Plano de Vitrine Digital<\/strong><\/h2>\n\n\n\n<p>Em Pueblear criamos para voc\u00ea um sistema de presen\u00e7a digital que trabalha todos os dias para que voc\u00ea receba consultas reais.<\/p>\n\n\n\n<p>Sem precisar entender de redes sociais.<\/p>\n\n\n\n<p>Sem pagar uma ag\u00eancia.<\/p>\n\n\n\n<p>Sem fazer nada t\u00e9cnico.<\/p>\n\n\n\n<p>\ud83d\udc49 Voc\u00ea cuida de receber h\u00f3spedes.<\/p>\n\n\n\n<p>\ud83d\udc49 N\u00f3s cuidamos de fazer com que encontrem voc\u00ea.<\/p>\n\n\n\n<h3 class=\"gb-headline gb-headline-de5cc016 gb-headline-text\"><strong>Problema<\/strong><\/h3>\n\n\n\n<p>Hoje, muitos meios de hospedagem e com\u00e9rcios tur\u00edsticos est\u00e3o passando pela mesma situa\u00e7\u00e3o:<\/p>\n\n\n\n<ul class=\"wp-block-list\">\n<li>As redes sociais n\u00e3o geram reservas<\/li>\n\n\n\n<li>O Google n\u00e3o os mostra<\/li>\n\n\n\n<li>N\u00e3o t\u00eam tempo nem conhecimento para fazer marketing<\/li>\n\n\n\n<li>N\u00e3o podem pagar uma ag\u00eancia<\/li>\n\n\n\n<li>A temporada est\u00e1 muito fraca<\/li>\n<\/ul>\n\n\n\n<p>E, enquanto isso, o turista continua buscando onde se hospedar.<\/p>\n\n\n\n<p>O problema n\u00e3o \u00e9 o seu servi\u00e7o. \u00c9 que n\u00e3o est\u00e3o vendo voc\u00ea.<\/p>\n\n\n\n<h3 class=\"gb-headline gb-headline-342977a3 gb-headline-text\"><strong>Solu\u00e7\u00e3o<\/strong><\/h3>\n\n\n\n<p>Inclu\u00edmos voc\u00ea dentro do sistema digital da Pueblear.<\/p>\n\n\n\n<p>Mostramos voc\u00ea em todos os lugares onde o turista j\u00e1 est\u00e1 buscando:<\/p>\n\n\n\n<p>\u2705 No Google (artigos e SEO)<\/p>\n\n\n\n<p>\u2705 Em nosso<a href=\"https:\/\/brasil-pueblear-a2530.web.app\/\" target=\"_blank\" rel=\"noreferrer noopener\"> site tur\u00edstico j\u00e1 posicionado<\/a><\/p>\n\n\n\n<p>\u2705 Em <a href=\"https:\/\/www.instagram.com\/pueble.ar\/\" target=\"_blank\" rel=\"noreferrer noopener\">redes sociais com alcance real<\/a><\/p>\n\n\n\n<p>\u2705 Em conte\u00fados sobre sua localidade <a href=\"https:\/\/brasil-pueblear-a2530.web.app\/\" target=\"_blank\" rel=\"noreferrer noopener\">dentro do nosso site tur\u00edstico<\/a><\/p>\n\n\n\n<p>\u2705 En campa\u00f1as publicitarias en redes sociales espec\u00edficas y segmentadas<\/p>\n\n\n\n<p>Isso gera m\u00faltiplos pontos de contato. E isso se transforma em consultas.<\/p>\n\n\n\n<h3 class=\"gb-headline gb-headline-11e903f0 gb-headline-text\"><strong>\u00bfComo funciona?<\/strong><\/h3>\n\n\n\n<p>1\ufe0f\u20e3 Inclu\u00edmos voc\u00ea na Pueblear<\/p>\n\n\n\n<p>2\ufe0f\u20e3 Criamos sua landing page pr\u00f3pria e otimizada<\/p>\n\n\n\n<p>3\ufe0f\u20e3 Voc\u00ea aparece no site, nas redes e no conte\u00fado tur\u00edstico<\/p>\n\n\n\n<p>4\ufe0f\u20e3 Come\u00e7a a receber consultas<\/p>\n\n\n\n<p>5\ufe0f\u20e3 Paga uma mensalidade e pronto&nbsp;<\/p>\n\n\n\n<h3 class=\"gb-headline gb-headline-9973b674 gb-headline-text\"><strong>Planos<\/strong><\/h3>\n\n<\/div>\n\n<div class=\"gb-grid-wrapper gb-grid-wrapper-b0edd810\">\n<div class=\"gb-grid-column gb-grid-column-998eb0ed\"><div class=\"gb-container gb-container-998eb0ed\">\n\n<h3 class=\"gb-headline gb-headline-a100490c gb-headline-text\"><strong>Presen\u00e7a Total<\/strong><\/h3>\n\n\n<div class=\"gb-container gb-container-88409ca3\">\n<div class=\"wp-block-image\">\n<figure class=\"aligncenter size-full is-resized\"><img loading=\"lazy\" decoding=\"async\" width=\"346\" height=\"317\" src=\"https:\/\/marketing.pueble.ar\/wp-content\/uploads\/2024\/09\/ASTERISCO.png\" alt=\"\" class=\"wp-image-1783\" style=\"width:82px;height:auto\" srcset=\"https:\/\/marketing.pueble.ar\/wp-content\/uploads\/2024\/09\/ASTERISCO.png 346w, https:\/\/marketing.pueble.ar\/wp-content\/uploads\/2024\/09\/ASTERISCO-300x275.png 300w\" sizes=\"auto, (max-width: 346px) 100vw, 346px\" \/><\/figure>\n<\/div>\n\n<div class=\"wp-block-image\">\n<figure class=\"aligncenter size-full is-resized\"><img loading=\"lazy\" decoding=\"async\" width=\"346\" height=\"317\" src=\"https:\/\/marketing.pueble.ar\/wp-content\/uploads\/2024\/09\/ASTERISCO.png\" alt=\"\" class=\"wp-image-1783\" style=\"width:82px;height:auto\" srcset=\"https:\/\/marketing.pueble.ar\/wp-content\/uploads\/2024\/09\/ASTERISCO.png 346w, https:\/\/marketing.pueble.ar\/wp-content\/uploads\/2024\/09\/ASTERISCO-300x275.png 300w\" sizes=\"auto, (max-width: 346px) 100vw, 346px\" \/><\/figure>\n<\/div>\n\n<div class=\"wp-block-image\">\n<figure class=\"aligncenter size-full is-resized\"><img loading=\"lazy\" decoding=\"async\" width=\"346\" height=\"317\" src=\"https:\/\/marketing.pueble.ar\/wp-content\/uploads\/2024\/09\/ASTERISCO.png\" alt=\"\" class=\"wp-image-1783\" style=\"width:82px;height:auto\" srcset=\"https:\/\/marketing.pueble.ar\/wp-content\/uploads\/2024\/09\/ASTERISCO.png 346w, https:\/\/marketing.pueble.ar\/wp-content\/uploads\/2024\/09\/ASTERISCO-300x275.png 300w\" sizes=\"auto, (max-width: 346px) 100vw, 346px\" \/><\/figure>\n<\/div>\n<\/div>\n\n\n<h2 class=\"gb-headline gb-headline-143f56f1 gb-headline-text\">Para estar em todos os pontos-chave onde o turista decide.<br>Inclui:<\/h2>\n\n\n\n<ul class=\"wp-block-list\">\n<li>Espa\u00e7o em <a href=\"https:\/\/brasil-pueblear-a2530.web.app\/\" target=\"_blank\" rel=\"noreferrer noopener\">O Melhor do sul do Brasil<\/a><\/li>\n\n\n\n<li>Espa\u00e7o em destaque na sua localidade <a href=\"https:\/\/brasil-pueblear-a2530.web.app\/\" target=\"_blank\" rel=\"noreferrer noopener\">dentro do nosso site tur\u00edstico<\/a>)<\/li>\n\n\n\n<li>P\u00e1gina web b\u00e1sica e otimizada<\/li>\n\n\n\n<li>Reel + Post + Stories nas <a href=\"https:\/\/www.instagram.com\/pueble.ar\/\" target=\"_blank\" rel=\"noreferrer noopener\">redes da Pueblear<\/a><\/li>\n\n\n\n<li>Presen\u00e7a em artigos e conte\u00fado SEO<\/li>\n<\/ul>\n\n\n\n<h2 class=\"gb-headline gb-headline-b829f4d7 gb-headline-text\">180 R$ por m\u00eas<\/h2>\n\n\n\n<a class=\"gb-button gb-button-0eec8627 gb-button-text\" href=\"https:\/\/api.whatsapp.com\/send?phone=+543571685965&amp;text=Hola,%20me%20interesa%20el%20plan%20de%20de%20presencia%20simple\" target=\"_blank\" rel=\"noopener noreferrer\">\ud83d\udc49 Tenho interesse<\/a>\n\n<\/div><\/div>\n\n<div class=\"gb-grid-column gb-grid-column-dab3e1e3\"><div class=\"gb-container gb-container-dab3e1e3\">\n\n<h3 class=\"gb-headline gb-headline-06c1eb19 gb-headline-text\"><strong>Presen\u00e7a Destacada<\/strong><\/h3>\n\n\n<div class=\"gb-container gb-container-e87eb015\">\n<div class=\"wp-block-image\">\n<figure class=\"aligncenter size-full is-resized\"><img loading=\"lazy\" decoding=\"async\" width=\"346\" height=\"317\" src=\"https:\/\/marketing.pueble.ar\/wp-content\/uploads\/2024\/09\/ASTERISCO.png\" alt=\"\" class=\"wp-image-1783\" style=\"width:82px;height:auto\" srcset=\"https:\/\/marketing.pueble.ar\/wp-content\/uploads\/2024\/09\/ASTERISCO.png 346w, https:\/\/marketing.pueble.ar\/wp-content\/uploads\/2024\/09\/ASTERISCO-300x275.png 300w\" sizes=\"auto, (max-width: 346px) 100vw, 346px\" \/><\/figure>\n<\/div>\n\n<div class=\"wp-block-image\">\n<figure class=\"aligncenter size-full is-resized\"><img loading=\"lazy\" decoding=\"async\" width=\"346\" height=\"317\" src=\"https:\/\/marketing.pueble.ar\/wp-content\/uploads\/2024\/09\/ASTERISCO.png\" alt=\"\" class=\"wp-image-1783\" style=\"width:82px;height:auto\" srcset=\"https:\/\/marketing.pueble.ar\/wp-content\/uploads\/2024\/09\/ASTERISCO.png 346w, https:\/\/marketing.pueble.ar\/wp-content\/uploads\/2024\/09\/ASTERISCO-300x275.png 300w\" sizes=\"auto, (max-width: 346px) 100vw, 346px\" \/><\/figure>\n<\/div>\n<\/div>\n\n\n<h2 class=\"gb-headline gb-headline-6ed6d7ac gb-headline-text\">Para aparecer com for\u00e7a dentro da sua localidade.<br>Inclui:<\/h2>\n\n\n\n<ul class=\"wp-block-list\">\n<li>Espa\u00e7o em destaque na sua localidade <a href=\"https:\/\/brasil-pueblear-a2530.web.app\/\" target=\"_blank\" rel=\"noreferrer noopener\">dentro do nosso site tur\u00edstico<\/a>)<\/li>\n\n\n\n<li>P\u00e1gina pr\u00f3pria e otimizada<\/li>\n\n\n\n<li>Reel + Post + Stories nas <a href=\"https:\/\/www.instagram.com\/pueble.ar\/\" target=\"_blank\" rel=\"noreferrer noopener\">redes da Pueblear<\/a><\/li>\n\n\n\n<li>Presen\u00e7a em artigos e conte\u00fado SEO<\/li>\n<\/ul>\n\n\n\n<h2 class=\"gb-headline gb-headline-c8bfbf52 gb-headline-text\">150 R$ por m\u00eas<\/h2>\n\n\n\n<a class=\"gb-button gb-button-92c88949 gb-button-text\" href=\"https:\/\/api.whatsapp.com\/send?phone=+543571685965&amp;text=Hola,%20me%20interesa%20el%20plan%20de%20de%20presencia%20destacada\" target=\"_blank\" rel=\"noopener noreferrer\">\ud83d\udc49 Tenho interesse<\/a>\n\n<\/div><\/div>\n\n<div class=\"gb-grid-column gb-grid-column-0b7c6ff7\"><div class=\"gb-container gb-container-0b7c6ff7\">\n\n<h3 class=\"gb-headline gb-headline-3c170802 gb-headline-text\"><strong>Presen\u00e7a Simples<\/strong><\/h3>\n\n\n<div class=\"gb-container gb-container-984b7678\">\n<div class=\"wp-block-image\">\n<figure class=\"aligncenter size-full is-resized\"><img loading=\"lazy\" decoding=\"async\" width=\"346\" height=\"317\" src=\"https:\/\/marketing.pueble.ar\/wp-content\/uploads\/2024\/09\/ASTERISCO.png\" alt=\"\" class=\"wp-image-1783\" style=\"width:82px;height:auto\" srcset=\"https:\/\/marketing.pueble.ar\/wp-content\/uploads\/2024\/09\/ASTERISCO.png 346w, https:\/\/marketing.pueble.ar\/wp-content\/uploads\/2024\/09\/ASTERISCO-300x275.png 300w\" sizes=\"auto, (max-width: 346px) 100vw, 346px\" \/><\/figure>\n<\/div>\n<\/div>\n\n\n<h2 class=\"gb-headline gb-headline-54daee97 gb-headline-text\">Para come\u00e7ar a gerar consultas sem investir al\u00e9m do necess\u00e1rio.<br>Inclui:<\/h2>\n\n\n\n<ul class=\"wp-block-list\">\n<li>Espa\u00e7o simples na sua localidade <a href=\"https:\/\/brasil-pueblear-a2530.web.app\/\" target=\"_blank\" rel=\"noreferrer noopener\">dentro do nosso site tur\u00edstico<\/a>)<\/li>\n\n\n\n<li>P\u00e1gina pr\u00f3pria e otimizada<\/li>\n\n\n\n<li>Reel + Post + Stories nas <a href=\"https:\/\/www.instagram.com\/pueble.ar\/\" target=\"_blank\" rel=\"noreferrer noopener\">redes da Pueblear<\/a><\/li>\n<\/ul>\n\n\n\n<h2 class=\"gb-headline gb-headline-0da99c6b gb-headline-text\">130 R$ por m\u00eas<\/h2>\n\n\n\n<a class=\"gb-button gb-button-c7b457c9 gb-button-text\" href=\"https:\/\/api.whatsapp.com\/send?phone=+543571685965&amp;text=Hola,%20me%20interesa%20el%20plan%20de%20de%20presencia%20simple\" target=\"_blank\" rel=\"noopener noreferrer\">\ud83d\udc49 Tenho interesse<\/a>\n\n<\/div><\/div>\n<\/div>\n\n<div class=\"gb-container gb-container-bae0d93c\">\n\n<h2 class=\"gb-headline gb-headline-8aa6062c gb-headline-text\"><strong>Plano de Vitrine Digital<\/strong><\/h2>\n\n\n\n<p>Isso n\u00e3o \u00e9 uma publicidade pontual.<\/p>\n\n\n\n<p>\u00c9 uma presen\u00e7a digital constante que trabalha todos os dias para que voc\u00ea receba consultas.<\/p>\n\n\n\n<h3 class=\"gb-headline gb-headline-51bc21a9 gb-headline-text\"><strong>Perguntas frequentes<\/strong><\/h3>\n\n\n\n<p>\u00bfPreciso entender de redes sociais ou marketing?<\/p>\n\n\n\n<ul class=\"wp-block-list\">\n<li>N\u00e3o. N\u00f3s cuidamos de tudo.<\/li>\n<\/ul>\n\n\n\n<p>\u00bfPreciso ficar publicando conte\u00fado?<\/p>\n\n\n\n<ul class=\"wp-block-list\">\n<li>N\u00e3o.<\/li>\n<\/ul>\n\n\n\n<p>\u00bf\u00c9 um pagamento \u00fanico?<\/p>\n\n\n\n<ul class=\"wp-block-list\">\n<li>N\u00e3o. \u00c9 uma mensalidade.<\/li>\n<\/ul>\n\n\n\n<p>Quando come\u00e7o a aparecer?<\/p>\n\n\n\n<ul class=\"wp-block-list\">\n<li>Assim que criarmos sua landing page e o conte\u00fado.<\/li>\n<\/ul>\n\n\n\n<p>Se o seu meio de hospedagem \u00e9 bom, mas hoje n\u00e3o est\u00e1 recebendo consultas, o problema n\u00e3o \u00e9 o seu servi\u00e7o. \u00c9 que voc\u00ea ainda n\u00e3o est\u00e1 dentro do sistema que o turista est\u00e1 vendo.<\/p>\n\n\n\n<p><strong>\ud83d\udc49 Junte-se \u00e0 Pueblear.<\/strong><\/p>\n\n<\/div>\n\n<section class=\"gb-container gb-container-a76bec78\">\n\n<figure class=\"gb-block-image gb-block-image-fff43424\"><img loading=\"lazy\" decoding=\"async\" width=\"1414\" height=\"2000\" class=\"gb-image gb-image-fff43424\" src=\"https:\/\/marketing.pueble.ar\/wp-content\/uploads\/2026\/02\/BRASIL-PARA-ARGENTINOS-2-1.png\" alt=\"\" title=\"BRASIL PARA ARGENTINOS (2)\" srcset=\"https:\/\/marketing.pueble.ar\/wp-content\/uploads\/2026\/02\/BRASIL-PARA-ARGENTINOS-2-1.png 1414w, https:\/\/marketing.pueble.ar\/wp-content\/uploads\/2026\/02\/BRASIL-PARA-ARGENTINOS-2-1-212x300.png 212w, https:\/\/marketing.pueble.ar\/wp-content\/uploads\/2026\/02\/BRASIL-PARA-ARGENTINOS-2-1-724x1024.png 724w, https:\/\/marketing.pueble.ar\/wp-content\/uploads\/2026\/02\/BRASIL-PARA-ARGENTINOS-2-1-768x1086.png 768w, https:\/\/marketing.pueble.ar\/wp-content\/uploads\/2026\/02\/BRASIL-PARA-ARGENTINOS-2-1-1086x1536.png 1086w, https:\/\/marketing.pueble.ar\/wp-content\/uploads\/2026\/02\/BRASIL-PARA-ARGENTINOS-2-1-8x12.png 8w\" sizes=\"auto, (max-width: 1414px) 100vw, 1414px\" \/><\/figure>\n\n<\/section>\n<\/div>","protected":false},"excerpt":{"rendered":"<p>Plan de vidriera digital En Pueblear creamos por vos un sistema de presencia digital que trabaja todos los d\u00edas para que recibas consultas reales. Sin que tengas que saber de redes. Sin pagar una agencia. Sin hacer nada t\u00e9cnico \ud83d\udc49 Vos te ocup\u00e1s de recibir hu\u00e9spedes. \ud83d\udc49 Nosotros de que te encuentren. Problema Hoy muchos &#8230; <a title=\"plan de vidriera digital\" class=\"read-more\" href=\"https:\/\/marketing.pueble.ar\/pt\/plan-de-vidriera-digital\/\" aria-label=\"Read more about plan de vidriera digital\">Leia mais<\/a><\/p>","protected":false},"author":1,"featured_media":1997,"parent":0,"menu_order":0,"comment_status":"closed","ping_status":"closed","template":"","meta":{"footnotes":""},"class_list":["post-1995","page","type-page","status-publish","has-post-thumbnail"],"_links":{"self":[{"href":"https:\/\/marketing.pueble.ar\/pt\/wp-json\/wp\/v2\/pages\/1995","targetHints":{"allow":["GET"]}}],"collection":[{"href":"https:\/\/marketing.pueble.ar\/pt\/wp-json\/wp\/v2\/pages"}],"about":[{"href":"https:\/\/marketing.pueble.ar\/pt\/wp-json\/wp\/v2\/types\/page"}],"author":[{"embeddable":true,"href":"https:\/\/marketing.pueble.ar\/pt\/wp-json\/wp\/v2\/users\/1"}],"replies":[{"embeddable":true,"href":"https:\/\/marketing.pueble.ar\/pt\/wp-json\/wp\/v2\/comments?post=1995"}],"version-history":[{"count":29,"href":"https:\/\/marketing.pueble.ar\/pt\/wp-json\/wp\/v2\/pages\/1995\/revisions"}],"predecessor-version":[{"id":2148,"href":"https:\/\/marketing.pueble.ar\/pt\/wp-json\/wp\/v2\/pages\/1995\/revisions\/2148"}],"wp:featuredmedia":[{"embeddable":true,"href":"https:\/\/marketing.pueble.ar\/pt\/wp-json\/wp\/v2\/media\/1997"}],"wp:attachment":[{"href":"https:\/\/marketing.pueble.ar\/pt\/wp-json\/wp\/v2\/media?parent=1995"}],"curies":[{"name":"wp","href":"https:\/\/api.w.org\/{rel}","templated":true}]}}