{"id":29,"date":"2021-11-27T22:40:19","date_gmt":"2021-11-27T22:40:19","guid":{"rendered":"https:\/\/plumber-gp.wordifysites.com\/?page_id=29"},"modified":"2026-02-25T15:21:42","modified_gmt":"2026-02-25T15:21:42","slug":"nosotros","status":"publish","type":"page","link":"https:\/\/marketing.pueble.ar\/pt\/nosotros\/","title":{"rendered":"sobre n\u00f3s"},"content":{"rendered":"<section class=\"gb-container gb-container-089045e9\">\n<div class=\"gb-container gb-container-4b8ac2a2\">\n\n<h2 class=\"gb-headline gb-headline-1274d019\"><span class=\"gb-icon\"><svg xmlns=\"http:\/\/www.w3.org\/2000\/svg\" width=\"16\" height=\"16\" class=\"bi bi-dash\" viewbox=\"0 0 16 16\">   <path d=\"M4 8a.5.5 0 0 1 .5-.5h7a.5.5 0 0 1 0 1h-7A.5.5 0 0 1 4 8z\"><\/path> <\/svg><\/span><span class=\"gb-headline-text\">Nossa Miss\u00e3o<\/span><\/h2>\n\n<\/div>\n\n<div class=\"gb-container gb-container-d0b975f7\">\n<div class=\"gb-grid-wrapper gb-grid-wrapper-0ef112fe\">\n<div class=\"gb-grid-column gb-grid-column-061721f4\"><div class=\"gb-container gb-container-061721f4\">\n\n<p class=\"gb-headline gb-headline-d99fbab7 gb-headline-text\"><em>Somos uma ag\u00eancia de marketing tur\u00edstico apaixonada e comprometida com a comunidade, com o ambiente que visitamos e com a conex\u00e3o com o p\u00fablico. Nossa equipe \u00e9 formada por profissionais com profundo amor pela nossa regi\u00e3o e s\u00f3lida experi\u00eancia na ind\u00fastria do turismo. Dedicamo-nos a promover os encantos naturais, culturais e gastron\u00f4micos, mostrando ao mundo a riqueza de experi\u00eancias que os diferentes destinos da Argentina e do Brasil oferecem.<\/em><\/p>\n\n\n\n<p class=\"gb-headline gb-headline-f7494764 gb-headline-text\"><em>Orgulhamo-nos n\u00e3o apenas de promover os destinos tur\u00edsticos mais populares, mas tamb\u00e9m os mais aut\u00eanticos, apoiando um turismo respons\u00e1vel e sustent\u00e1vel. Trabalhamos lado a lado com as comunidades locais e com operadores tur\u00edsticos privados para impulsionar um desenvolvimento econ\u00f4mico mais equilibrado e preservar o ambiente natural que nos cerca. Acreditamos no poder transformador do turismo para gerar um impacto positivo em nossas vidas e no mundo ao nosso redor.<\/em><\/p>\n\n<\/div><\/div>\n\n<div class=\"gb-grid-column gb-grid-column-5c65d990\"><div class=\"gb-container gb-container-5c65d990\">\n\n<figure class=\"wp-block-image size-large\"><img loading=\"lazy\" decoding=\"async\" width=\"1024\" height=\"1024\" src=\"https:\/\/marketing.pueble.ar\/wp-content\/uploads\/2024\/04\/embalse-1-1024x1024.jpg\" alt=\"\" class=\"wp-image-1389\" srcset=\"https:\/\/marketing.pueble.ar\/wp-content\/uploads\/2024\/04\/embalse-1-1024x1024.jpg 1024w, https:\/\/marketing.pueble.ar\/wp-content\/uploads\/2024\/04\/embalse-1-300x300.jpg 300w, https:\/\/marketing.pueble.ar\/wp-content\/uploads\/2024\/04\/embalse-1-150x150.jpg 150w, https:\/\/marketing.pueble.ar\/wp-content\/uploads\/2024\/04\/embalse-1-768x768.jpg 768w, https:\/\/marketing.pueble.ar\/wp-content\/uploads\/2024\/04\/embalse-1.jpg 1080w\" sizes=\"auto, (max-width: 1024px) 100vw, 1024px\" \/><\/figure>\n\n<\/div><\/div>\n<\/div>\n<\/div>\n<\/section>\n\n<section class=\"gb-container gb-container-fe6b4557\">\n\n<h2 class=\"gb-headline gb-headline-15114fa3\"><span class=\"gb-icon\"><svg xmlns=\"http:\/\/www.w3.org\/2000\/svg\" width=\"16\" height=\"16\" class=\"bi bi-dash\" viewbox=\"0 0 16 16\">   <path d=\"M4 8a.5.5 0 0 1 .5-.5h7a.5.5 0 0 1 0 1h-7A.5.5 0 0 1 4 8z\"><\/path> <\/svg><\/span><span class=\"gb-headline-text\">Equipe Pueblear<\/span><\/h2>\n\n\n\n<p class=\"gb-headline gb-headline-7a8c6d37 gb-headline-text\"><em>Somos uma equipe interdisciplinar de profissionais. <\/em><\/p>\n\n\n<div class=\"gb-container gb-container-4cc94307\">\n<div class=\"gb-grid-wrapper gb-grid-wrapper-76064b4d\">\n<div class=\"gb-grid-column gb-grid-column-f9dfacf7\"><div class=\"gb-container gb-container-f9dfacf7\"><\/div><\/div>\n\n<div class=\"gb-grid-column gb-grid-column-b6cb145e\"><div class=\"gb-container gb-container-b6cb145e\">\n\n<figure class=\"gb-block-image gb-block-image-03c316bd\"><img loading=\"lazy\" decoding=\"async\" width=\"1024\" height=\"712\" class=\"gb-image gb-image-03c316bd\" src=\"https:\/\/marketing.pueble.ar\/wp-content\/uploads\/2026\/02\/pistarini-pose-1-1024x1024-1-e1772027842189.jpg\" alt=\"\" title=\"pistarini-pose-1-1024x1024\" srcset=\"https:\/\/marketing.pueble.ar\/wp-content\/uploads\/2026\/02\/pistarini-pose-1-1024x1024-1-e1772027842189.jpg 1024w, https:\/\/marketing.pueble.ar\/wp-content\/uploads\/2026\/02\/pistarini-pose-1-1024x1024-1-e1772027842189-300x209.jpg 300w, https:\/\/marketing.pueble.ar\/wp-content\/uploads\/2026\/02\/pistarini-pose-1-1024x1024-1-e1772027842189-768x534.jpg 768w, https:\/\/marketing.pueble.ar\/wp-content\/uploads\/2026\/02\/pistarini-pose-1-1024x1024-1-e1772027842189-18x12.jpg 18w\" sizes=\"auto, (max-width: 1024px) 100vw, 1024px\" \/><\/figure>\n\n\n\n<h3 class=\"gb-headline gb-headline-325edbe2 gb-headline-text\">Ignacio<\/h3>\n\n\n\n<p class=\"gb-headline gb-headline-d46badf1 gb-headline-text\"><strong>Sou Ignacio Origlia, bi\u00f3logo, pueblero, criador de conte\u00fado, piloto de drones e web designer da Pueblear Calamuchita. Sou especialista em campanhas publicit\u00e1rias em META ADS.<\/strong><\/p>\n\n\n<div class=\"gb-container gb-container-e1d888fc\">\n\n<a class=\"gb-button gb-button-abd48be7\" href=\"https:\/\/www.instagram.com\/ignacio.pueble.ar\/?utm_source=ig_web_button_share_sheet\" target=\"_blank\" rel=\"noopener noreferrer\"><span class=\"gb-icon\"><svg aria-hidden=\"true\" role=\"img\" height=\"1em\" width=\"1em\" viewbox=\"0 0 448 512\" xmlns=\"http:\/\/www.w3.org\/2000\/svg\"><path fill=\"currentColor\" d=\"M224.1 141c-63.6 0-114.9 51.3-114.9 114.9s51.3 114.9 114.9 114.9S339 319.5 339 255.9 287.7 141 224.1 141zm0 189.6c-41.1 0-74.7-33.5-74.7-74.7s33.5-74.7 74.7-74.7 74.7 33.5 74.7 74.7-33.6 74.7-74.7 74.7zm146.4-194.3c0 14.9-12 26.8-26.8 26.8-14.9 0-26.8-12-26.8-26.8s12-26.8 26.8-26.8 26.8 12 26.8 26.8zm76.1 27.2c-1.7-35.9-9.9-67.7-36.2-93.9-26.2-26.2-58-34.4-93.9-36.2-37-2.1-147.9-2.1-184.9 0-35.8 1.7-67.6 9.9-93.9 36.1s-34.4 58-36.2 93.9c-2.1 37-2.1 147.9 0 184.9 1.7 35.9 9.9 67.7 36.2 93.9s58 34.4 93.9 36.2c37 2.1 147.9 2.1 184.9 0 35.9-1.7 67.7-9.9 93.9-36.2 26.2-26.2 34.4-58 36.2-93.9 2.1-37 2.1-147.8 0-184.8zM398.8 388c-7.8 19.6-22.9 34.7-42.6 42.6-29.5 11.7-99.5 9-132.1 9s-102.7 2.6-132.1-9c-19.6-7.8-34.7-22.9-42.6-42.6-11.7-29.5-9-99.5-9-132.1s-2.6-102.7 9-132.1c7.8-19.6 22.9-34.7 42.6-42.6 29.5-11.7 99.5-9 132.1-9s102.7-2.6 132.1 9c19.6 7.8 34.7 22.9 42.6 42.6 11.7 29.5 9 99.5 9 132.1s2.7 102.7-9 132.1z\"><\/path><\/svg><\/span><\/a>\n\n<\/div>\n<\/div><\/div>\n\n<div class=\"gb-grid-column gb-grid-column-2a8aaf3a\"><div class=\"gb-container gb-container-2a8aaf3a\">\n\n<figure class=\"gb-block-image gb-block-image-0d480299\"><img loading=\"lazy\" decoding=\"async\" width=\"816\" height=\"507\" class=\"gb-image gb-image-0d480299\" src=\"https:\/\/marketing.pueble.ar\/wp-content\/uploads\/2026\/02\/Anfitriona-edited-e1772027820365.jpeg\" alt=\"\" title=\"Anfitriona-edited\" srcset=\"https:\/\/marketing.pueble.ar\/wp-content\/uploads\/2026\/02\/Anfitriona-edited-e1772027820365.jpeg 816w, https:\/\/marketing.pueble.ar\/wp-content\/uploads\/2026\/02\/Anfitriona-edited-e1772027820365-300x186.jpeg 300w, https:\/\/marketing.pueble.ar\/wp-content\/uploads\/2026\/02\/Anfitriona-edited-e1772027820365-768x477.jpeg 768w, https:\/\/marketing.pueble.ar\/wp-content\/uploads\/2026\/02\/Anfitriona-edited-e1772027820365-18x12.jpeg 18w\" sizes=\"auto, (max-width: 816px) 100vw, 816px\" \/><\/figure>\n\n\n\n<h3 class=\"gb-headline gb-headline-0edab027 gb-headline-text\">Angeles<\/h3>\n\n\n\n<p class=\"gb-headline gb-headline-4a641569 gb-headline-text\"><strong>Sou Angeles Karaman, comunicadora, pueblera, criadora de conte\u00fado e a alma criativa por tr\u00e1s de todos os v\u00eddeos, propostas e conte\u00fados que voc\u00ea v\u00ea em nossas redes sociais.<\/strong>.&nbsp;<strong>Me especialic\u00e9 en marketing digital tur\u00edstico<\/strong>&nbsp;<strong>y ventas a trav\u00e9s de redes sociales.<\/strong><\/p>\n\n\n<div class=\"gb-container gb-container-bc096421\">\n\n<a class=\"gb-button gb-button-27e57bef\" href=\"https:\/\/www.instagram.com\/angeles.pueble.ar?utm_source=ig_web_button_share_sheet&amp;igsh=ZDNlZDc0MzIxNw==\" target=\"_blank\" rel=\"noopener noreferrer\"><span class=\"gb-icon\"><svg aria-hidden=\"true\" role=\"img\" height=\"1em\" width=\"1em\" viewbox=\"0 0 448 512\" xmlns=\"http:\/\/www.w3.org\/2000\/svg\"><path fill=\"currentColor\" d=\"M224.1 141c-63.6 0-114.9 51.3-114.9 114.9s51.3 114.9 114.9 114.9S339 319.5 339 255.9 287.7 141 224.1 141zm0 189.6c-41.1 0-74.7-33.5-74.7-74.7s33.5-74.7 74.7-74.7 74.7 33.5 74.7 74.7-33.6 74.7-74.7 74.7zm146.4-194.3c0 14.9-12 26.8-26.8 26.8-14.9 0-26.8-12-26.8-26.8s12-26.8 26.8-26.8 26.8 12 26.8 26.8zm76.1 27.2c-1.7-35.9-9.9-67.7-36.2-93.9-26.2-26.2-58-34.4-93.9-36.2-37-2.1-147.9-2.1-184.9 0-35.8 1.7-67.6 9.9-93.9 36.1s-34.4 58-36.2 93.9c-2.1 37-2.1 147.9 0 184.9 1.7 35.9 9.9 67.7 36.2 93.9s58 34.4 93.9 36.2c37 2.1 147.9 2.1 184.9 0 35.9-1.7 67.7-9.9 93.9-36.2 26.2-26.2 34.4-58 36.2-93.9 2.1-37 2.1-147.8 0-184.8zM398.8 388c-7.8 19.6-22.9 34.7-42.6 42.6-29.5 11.7-99.5 9-132.1 9s-102.7 2.6-132.1-9c-19.6-7.8-34.7-22.9-42.6-42.6-11.7-29.5-9-99.5-9-132.1s-2.6-102.7 9-132.1c7.8-19.6 22.9-34.7 42.6-42.6 29.5-11.7 99.5-9 132.1-9s102.7-2.6 132.1 9c19.6 7.8 34.7 22.9 42.6 42.6 11.7 29.5 9 99.5 9 132.1s2.7 102.7-9 132.1z\"><\/path><\/svg><\/span><\/a>\n\n<\/div>\n<\/div><\/div>\n\n<div class=\"gb-grid-column gb-grid-column-7ceb8574\"><div class=\"gb-container gb-container-7ceb8574\"><\/div><\/div>\n<\/div>\n<\/div>\n\n<div class=\"gb-container gb-container-bc961c1d\">\n\n<h2 class=\"gb-headline gb-headline-ce824a01\"><span class=\"gb-icon\"><svg xmlns=\"http:\/\/www.w3.org\/2000\/svg\" width=\"16\" height=\"16\" class=\"bi bi-dash\" viewbox=\"0 0 16 16\">   <path d=\"M4 8a.5.5 0 0 1 .5-.5h7a.5.5 0 0 1 0 1h-7A.5.5 0 0 1 4 8z\"><\/path> <\/svg><\/span><span class=\"gb-headline-text\">contato<\/span><\/h2>\n\n<\/div>\n\n<div class=\"gb-container gb-container-f9da9a46\">\n\n<p class=\"gb-headline gb-headline-a52384b2\"><span class=\"gb-icon\"><svg aria-hidden=\"true\" height=\"1em\" width=\"1em\" viewbox=\"0 0 512 512\" xmlns=\"http:\/\/www.w3.org\/2000\/svg\"><path fill=\"currentColor\" d=\"M464 64H48C21.49 64 0 85.49 0 112v288c0 26.51 21.49 48 48 48h416c26.51 0 48-21.49 48-48V112c0-26.51-21.49-48-48-48zm0 48v40.805c-22.422 18.259-58.168 46.651-134.587 106.49-16.841 13.247-50.201 45.072-73.413 44.701-23.208.375-56.579-31.459-73.413-44.701C106.18 199.465 70.425 171.067 48 152.805V112h416zM48 400V214.398c22.914 18.251 55.409 43.862 104.938 82.646 21.857 17.205 60.134 55.186 103.062 54.955 42.717.231 80.509-37.199 103.053-54.947 49.528-38.783 82.032-64.401 104.947-82.653V400H48z\"><\/path><\/svg><\/span><span class=\"gb-headline-text\"><a href=\"mailto:hello@plumber.com\">pueblearcalamuchita@gmail.com<\/a><\/span><\/p>\n\n\n<div class=\"gb-container gb-container-f46bdc42\">\n\n<a class=\"gb-button gb-button-3ac72515\" href=\"https:\/\/www.facebook.com\/profile.php?id=61554464967453\" target=\"_blank\" rel=\"noopener noreferrer\"><span class=\"gb-icon\"><svg aria-hidden=\"true\" role=\"img\" height=\"1em\" width=\"1em\" viewbox=\"0 0 512 512\" xmlns=\"http:\/\/www.w3.org\/2000\/svg\"><path fill=\"currentColor\" d=\"M504 256C504 119 393 8 256 8S8 119 8 256c0 123.78 90.69 226.38 209.25 245V327.69h-63V256h63v-54.64c0-62.15 37-96.48 93.67-96.48 27.14 0 55.52 4.84 55.52 4.84v61h-31.28c-30.8 0-40.41 19.12-40.41 38.73V256h68.78l-11 71.69h-57.78V501C413.31 482.38 504 379.78 504 256z\"><\/path><\/svg><\/span><\/a>\n\n\n\n<a class=\"gb-button gb-button-d7e17fad\" href=\"https:\/\/www.youtube.com\/channel\/UCkZMsNXtUkuzhL49D3DE8Zg\" target=\"_blank\" rel=\"noopener noreferrer\"><span class=\"gb-icon\"><svg aria-hidden=\"true\" height=\"1em\" width=\"1em\" viewbox=\"0 0 576 512\" xmlns=\"http:\/\/www.w3.org\/2000\/svg\"><path fill=\"currentColor\" d=\"M549.655 124.083c-6.281-23.65-24.787-42.276-48.284-48.597C458.781 64 288 64 288 64S117.22 64 74.629 75.486c-23.497 6.322-42.003 24.947-48.284 48.597-11.412 42.867-11.412 132.305-11.412 132.305s0 89.438 11.412 132.305c6.281 23.65 24.787 41.5 48.284 47.821C117.22 448 288 448 288 448s170.78 0 213.371-11.486c23.497-6.321 42.003-24.171 48.284-47.821 11.412-42.867 11.412-132.305 11.412-132.305s0-89.438-11.412-132.305zm-317.51 213.508V175.185l142.739 81.205-142.739 81.201z\"><\/path><\/svg><\/span><\/a>\n\n\n\n<a class=\"gb-button gb-button-99efdaed\" href=\"https:\/\/api.whatsapp.com\/send?phone=+543571685965&amp;text=Hola,%20vengo%20desde%20la%20web%20pueble.ar\" target=\"_blank\" rel=\"noopener noreferrer\"><span class=\"gb-icon\"><svg aria-hidden=\"true\" role=\"img\" height=\"1em\" width=\"1em\" viewbox=\"0 0 448 512\" xmlns=\"http:\/\/www.w3.org\/2000\/svg\"><path fill=\"currentColor\" d=\"M380.9 97.1C339 55.1 283.2 32 223.9 32c-122.4 0-222 99.6-222 222 0 39.1 10.2 77.3 29.6 111L0 480l117.7-30.9c32.4 17.7 68.9 27 106.1 27h.1c122.3 0 224.1-99.6 224.1-222 0-59.3-25.2-115-67.1-157zm-157 341.6c-33.2 0-65.7-8.9-94-25.7l-6.7-4-69.8 18.3L72 359.2l-4.4-7c-18.5-29.4-28.2-63.3-28.2-98.2 0-101.7 82.8-184.5 184.6-184.5 49.3 0 95.6 19.2 130.4 54.1 34.8 34.9 56.2 81.2 56.1 130.5 0 101.8-84.9 184.6-186.6 184.6zm101.2-138.2c-5.5-2.8-32.8-16.2-37.9-18-5.1-1.9-8.8-2.8-12.5 2.8-3.7 5.6-14.3 18-17.6 21.8-3.2 3.7-6.5 4.2-12 1.4-32.6-16.3-54-29.1-75.5-66-5.7-9.8 5.7-9.1 16.3-30.3 1.8-3.7.9-6.9-.5-9.7-1.4-2.8-12.5-30.1-17.1-41.2-4.5-10.8-9.1-9.3-12.5-9.5-3.2-.2-6.9-.2-10.6-.2-3.7 0-9.7 1.4-14.8 6.9-5.1 5.6-19.4 19-19.4 46.3 0 27.3 19.9 53.7 22.6 57.4 2.8 3.7 39.1 59.7 94.8 83.8 35.2 15.2 49 16.5 66.6 13.9 10.7-1.6 32.8-13.4 37.4-26.4 4.6-13 4.6-24.1 3.2-26.4-1.3-2.5-5-3.9-10.5-6.6z\"><\/path><\/svg><\/span><\/a>\n\n\n\n<a class=\"gb-button gb-button-0a4980e6\" href=\"https:\/\/www.instagram.com\/pueble.ar?utm_source=ig_web_button_share_sheet&amp;igsh=ZDNlZDc0MzIxNw%3D%3D\" target=\"_blank\" rel=\"noopener noreferrer\"><span class=\"gb-icon\"><svg aria-hidden=\"true\" role=\"img\" height=\"1em\" width=\"1em\" viewbox=\"0 0 448 512\" xmlns=\"http:\/\/www.w3.org\/2000\/svg\"><path fill=\"currentColor\" d=\"M224.1 141c-63.6 0-114.9 51.3-114.9 114.9s51.3 114.9 114.9 114.9S339 319.5 339 255.9 287.7 141 224.1 141zm0 189.6c-41.1 0-74.7-33.5-74.7-74.7s33.5-74.7 74.7-74.7 74.7 33.5 74.7 74.7-33.6 74.7-74.7 74.7zm146.4-194.3c0 14.9-12 26.8-26.8 26.8-14.9 0-26.8-12-26.8-26.8s12-26.8 26.8-26.8 26.8 12 26.8 26.8zm76.1 27.2c-1.7-35.9-9.9-67.7-36.2-93.9-26.2-26.2-58-34.4-93.9-36.2-37-2.1-147.9-2.1-184.9 0-35.8 1.7-67.6 9.9-93.9 36.1s-34.4 58-36.2 93.9c-2.1 37-2.1 147.9 0 184.9 1.7 35.9 9.9 67.7 36.2 93.9s58 34.4 93.9 36.2c37 2.1 147.9 2.1 184.9 0 35.9-1.7 67.7-9.9 93.9-36.2 26.2-26.2 34.4-58 36.2-93.9 2.1-37 2.1-147.8 0-184.8zM398.8 388c-7.8 19.6-22.9 34.7-42.6 42.6-29.5 11.7-99.5 9-132.1 9s-102.7 2.6-132.1-9c-19.6-7.8-34.7-22.9-42.6-42.6-11.7-29.5-9-99.5-9-132.1s-2.6-102.7 9-132.1c7.8-19.6 22.9-34.7 42.6-42.6 29.5-11.7 99.5-9 132.1-9s102.7-2.6 132.1 9c19.6 7.8 34.7 22.9 42.6 42.6 11.7 29.5 9 99.5 9 132.1s2.7 102.7-9 132.1z\"><\/path><\/svg><\/span><\/a>\n\n<\/div>\n<\/div>\n<\/section>","protected":false},"excerpt":{"rendered":"<p>Nuestra misi\u00f3n El Equipo Pueblear somos un equipo interdisciplinario de profesionales Contacto pueblearcalamuchita@gmail.com<\/p>","protected":false},"author":1,"featured_media":1286,"parent":0,"menu_order":0,"comment_status":"closed","ping_status":"closed","template":"","meta":{"footnotes":""},"class_list":["post-29","page","type-page","status-publish","has-post-thumbnail"],"_links":{"self":[{"href":"https:\/\/marketing.pueble.ar\/pt\/wp-json\/wp\/v2\/pages\/29","targetHints":{"allow":["GET"]}}],"collection":[{"href":"https:\/\/marketing.pueble.ar\/pt\/wp-json\/wp\/v2\/pages"}],"about":[{"href":"https:\/\/marketing.pueble.ar\/pt\/wp-json\/wp\/v2\/types\/page"}],"author":[{"embeddable":true,"href":"https:\/\/marketing.pueble.ar\/pt\/wp-json\/wp\/v2\/users\/1"}],"replies":[{"embeddable":true,"href":"https:\/\/marketing.pueble.ar\/pt\/wp-json\/wp\/v2\/comments?post=29"}],"version-history":[{"count":9,"href":"https:\/\/marketing.pueble.ar\/pt\/wp-json\/wp\/v2\/pages\/29\/revisions"}],"predecessor-version":[{"id":2074,"href":"https:\/\/marketing.pueble.ar\/pt\/wp-json\/wp\/v2\/pages\/29\/revisions\/2074"}],"wp:featuredmedia":[{"embeddable":true,"href":"https:\/\/marketing.pueble.ar\/pt\/wp-json\/wp\/v2\/media\/1286"}],"wp:attachment":[{"href":"https:\/\/marketing.pueble.ar\/pt\/wp-json\/wp\/v2\/media?parent=29"}],"curies":[{"name":"wp","href":"https:\/\/api.w.org\/{rel}","templated":true}]}}