{"id":31,"date":"2021-11-27T22:40:35","date_gmt":"2021-11-27T22:40:35","guid":{"rendered":"https:\/\/plumber-gp.wordifysites.com\/?page_id=31"},"modified":"2026-02-28T23:21:58","modified_gmt":"2026-02-28T23:21:58","slug":"servicios","status":"publish","type":"page","link":"https:\/\/marketing.pueble.ar\/pt\/servicios\/","title":{"rendered":"servi\u00e7os"},"content":{"rendered":"<section class=\"gb-container gb-container-713c0e7a\">\n\n<h2 class=\"gb-headline gb-headline-1274d019\"><span class=\"gb-icon\"><svg xmlns=\"http:\/\/www.w3.org\/2000\/svg\" width=\"16\" height=\"16\" class=\"bi bi-dash\" viewbox=\"0 0 16 16\">   <path d=\"M4 8a.5.5 0 0 1 .5-.5h7a.5.5 0 0 1 0 1h-7A.5.5 0 0 1 4 8z\"><\/path> <\/svg><\/span><span class=\"gb-headline-text\">Marketing Digital tur\u00edstico<\/span><\/h2>\n\n<\/section>\n\n<div class=\"gb-container gb-container-14c2fd0b\" id=\"servicios\">\n<div class=\"gb-grid-wrapper gb-grid-wrapper-16f5d40c\">\n<div class=\"gb-grid-column gb-grid-column-0873d465\"><div class=\"gb-container gb-container-0873d465\">\n<div class=\"wp-block-image\">\n<figure class=\"aligncenter size-full is-resized\"><img loading=\"lazy\" decoding=\"async\" width=\"251\" height=\"188\" src=\"https:\/\/marketing.pueble.ar\/wp-content\/uploads\/2024\/03\/Screenshot_2024-03-28_at_18-40-03_Drone_Icon_-_Free_PNG___SVG_78265_-_Noun_Project-removebg-preview-edited.png\" alt=\"\" class=\"wp-image-1220\" style=\"width:128px;height:auto\"\/><\/figure>\n<\/div>\n\n\n<p class=\"gb-headline gb-headline-bbcadf51 gb-headline-text\">Cria\u00e7\u00e3o de Conte\u00fados Multim\u00eddia<\/p>\n\n\n\n<h2 class=\"gb-headline gb-headline-3e2dacb9 gb-headline-text\">Realizamos produ\u00e7\u00f5es fotogr\u00e1ficas e audiovisuais profissionais, al\u00e9m da cria\u00e7\u00e3o e reda\u00e7\u00e3o de artigos estrat\u00e9gicos. <\/h2>\n\n\n\n<a class=\"gb-button gb-button-ce2b274e gb-button-text\" href=\"https:\/\/marketing.pueble.ar\/pt\/?page_id=1276\" target=\"_blank\" rel=\"noopener noreferrer\">Saiba mais<\/a>\n\n<\/div><\/div>\n\n<div class=\"gb-grid-column gb-grid-column-07f3d133\"><div class=\"gb-container gb-container-07f3d133\">\n<div class=\"wp-block-image\">\n<figure class=\"aligncenter size-full is-resized\"><img loading=\"lazy\" decoding=\"async\" width=\"357\" height=\"328\" src=\"https:\/\/marketing.pueble.ar\/wp-content\/uploads\/2024\/03\/Screenshot_2024-03-28_at_18-55-38_Premium_Vector_Writing_notes_icon_black_note_on_sheet_of_diary_with_pen-removebg-preview.png\" alt=\"\" class=\"wp-image-1226\" style=\"width:104px;height:auto\" srcset=\"https:\/\/marketing.pueble.ar\/wp-content\/uploads\/2024\/03\/Screenshot_2024-03-28_at_18-55-38_Premium_Vector_Writing_notes_icon_black_note_on_sheet_of_diary_with_pen-removebg-preview.png 357w, https:\/\/marketing.pueble.ar\/wp-content\/uploads\/2024\/03\/Screenshot_2024-03-28_at_18-55-38_Premium_Vector_Writing_notes_icon_black_note_on_sheet_of_diary_with_pen-removebg-preview-300x276.png 300w\" sizes=\"auto, (max-width: 357px) 100vw, 357px\" \/><\/figure>\n<\/div>\n\n\n<p class=\"gb-headline gb-headline-d8ceca78 gb-headline-text\">Planificaci\u00f3n y Comunicaci\u00f3n de productos tur\u00edsticos <\/p>\n\n\n\n<h2 class=\"gb-headline gb-headline-75f40df5 gb-headline-text\">Ajudamos voc\u00ea a criar, estruturar e dar identidade a produtos e projetos tur\u00edsticos com posicionamento estrat\u00e9gico.<\/h2>\n\n\n\n<a class=\"gb-button gb-button-f0ebb338 gb-button-text\" href=\"https:\/\/marketing.pueble.ar\/pt\/ideas-gestion-y-comunicacion-de-productos-turisticos\/\" target=\"_blank\" rel=\"noopener noreferrer\">Saiba mais<\/a>\n\n<\/div><\/div>\n\n<div class=\"gb-grid-column gb-grid-column-5b92da81\"><div class=\"gb-container gb-container-5b92da81\">\n<div class=\"wp-block-image\">\n<figure class=\"aligncenter size-full is-resized\"><img loading=\"lazy\" decoding=\"async\" width=\"227\" height=\"195\" src=\"https:\/\/marketing.pueble.ar\/wp-content\/uploads\/2024\/03\/Screenshot_2024-03-28_at_19-01-22_ilustracion_de_diseno_de_icono_de_contorno_de_vector_de_diseno_grafico._simbolo_de_diseno_y_desarrollo_en_el_archivo_eps_10_de_fondo_blanco-removebg-preview-2.png\" alt=\"\" class=\"wp-image-1260\" style=\"width:104px;height:auto\"\/><\/figure>\n<\/div>\n\n\n<p class=\"gb-headline gb-headline-65bf834e gb-headline-text\">Design Gr\u00e1fico<\/p>\n\n\n\n<h2 class=\"gb-headline gb-headline-64bf6d2f gb-headline-text\">Constru\u00edmos a identidade visual da sua marca e desenvolvemos conte\u00fados estrat\u00e9gicos para todos os seus canais de comunica\u00e7\u00e3o.<\/h2>\n\n\n\n<a class=\"gb-button gb-button-90baf782 gb-button-text\" href=\"https:\/\/marketing.pueble.ar\/pt\/diseno-grafico\/\" target=\"_blank\" rel=\"noopener noreferrer\">Saiba mais<\/a>\n\n<\/div><\/div>\n\n<div class=\"gb-grid-column gb-grid-column-eebdf710\"><div class=\"gb-container gb-container-eebdf710\">\n<div class=\"wp-block-image\">\n<figure class=\"aligncenter size-full is-resized\"><img loading=\"lazy\" decoding=\"async\" width=\"512\" height=\"512\" src=\"https:\/\/marketing.pueble.ar\/wp-content\/uploads\/2024\/03\/4187236.png\" alt=\"\" class=\"wp-image-1248\" style=\"width:94px;height:auto\" srcset=\"https:\/\/marketing.pueble.ar\/wp-content\/uploads\/2024\/03\/4187236.png 512w, https:\/\/marketing.pueble.ar\/wp-content\/uploads\/2024\/03\/4187236-300x300.png 300w, https:\/\/marketing.pueble.ar\/wp-content\/uploads\/2024\/03\/4187236-150x150.png 150w\" sizes=\"auto, (max-width: 512px) 100vw, 512px\" \/><\/figure>\n<\/div>\n\n\n<p class=\"gb-headline gb-headline-a9b77be8 gb-headline-text\">Gerenciamento de Redes Sociais <\/p>\n\n\n\n<h2 class=\"gb-headline gb-headline-a6910353 gb-headline-text\">Nos encarregamos de gerenciar as rela\u00e7\u00f5es que as marcas mant\u00eam com sua comunidade, fortalecendo o v\u00ednculo com cada um dos seus p\u00fablicos.<\/h2>\n\n\n\n<a class=\"gb-button gb-button-1b1c8a39 gb-button-text\" href=\"https:\/\/marketing.pueble.ar\/pt\/gestion-de-redes-sociales\/\" target=\"_blank\" rel=\"noopener noreferrer\">Saiba mais<\/a>\n\n<\/div><\/div>\n\n<div class=\"gb-grid-column gb-grid-column-08324a4a\"><div class=\"gb-container gb-container-08324a4a\">\n<div class=\"wp-block-image\">\n<figure class=\"aligncenter size-full is-resized\"><img loading=\"lazy\" decoding=\"async\" width=\"500\" height=\"375\" src=\"https:\/\/marketing.pueble.ar\/wp-content\/uploads\/2024\/03\/vecteezy_coding-icon-logo-vector-illustration-web-development-and_9876540-removebg-preview-edited.png\" alt=\"\" class=\"wp-image-1262\" style=\"width:179px;height:auto\" srcset=\"https:\/\/marketing.pueble.ar\/wp-content\/uploads\/2024\/03\/vecteezy_coding-icon-logo-vector-illustration-web-development-and_9876540-removebg-preview-edited.png 500w, https:\/\/marketing.pueble.ar\/wp-content\/uploads\/2024\/03\/vecteezy_coding-icon-logo-vector-illustration-web-development-and_9876540-removebg-preview-edited-300x225.png 300w\" sizes=\"auto, (max-width: 500px) 100vw, 500px\" \/><\/figure>\n<\/div>\n\n\n<p class=\"gb-headline gb-headline-79f1179d gb-headline-text\">Design e Desenvolvimento Web<\/p>\n\n\n\n<h2 class=\"gb-headline gb-headline-050b7508 gb-headline-text\">Planejamos, criamos e desenvolvemos sites e lojas virtuais personalizados, alinhados \u00e0s necessidades e aos objetivos de cada neg\u00f3cio.<\/h2>\n\n\n\n<a class=\"gb-button gb-button-9fff54ff gb-button-text\" href=\"https:\/\/marketing.pueble.ar\/pt\/diseno-web\/\" target=\"_blank\" rel=\"noopener noreferrer\">Saiba mais<\/a>\n\n<\/div><\/div>\n\n<div class=\"gb-grid-column gb-grid-column-e06190a2\"><div class=\"gb-container gb-container-e06190a2\">\n<div class=\"wp-block-image\">\n<figure class=\"aligncenter size-full is-resized\"><img loading=\"lazy\" decoding=\"async\" width=\"203\" height=\"135\" src=\"https:\/\/marketing.pueble.ar\/wp-content\/uploads\/2024\/03\/Screenshot_2024-03-28_at_19-47-45_icon_publicidad_-_Busqueda_de_Google-removebg-preview-edited.png\" alt=\"\" class=\"wp-image-1257\" style=\"width:180px;height:auto\"\/><\/figure>\n<\/div>\n\n\n<p class=\"gb-headline gb-headline-0800e7e3 gb-headline-text\">Gest\u00e3o de Tr\u00e1fego Pago<\/p>\n\n\n\n<h2 class=\"gb-headline gb-headline-bba89058 gb-headline-text\">Desenvolvemos campanhas publicit\u00e1rias estrat\u00e9gicas, altamente segmentadas e direcionadas ao seu p\u00fablico-alvo para gerar mais resultados.<\/h2>\n\n\n\n<a class=\"gb-button gb-button-e6711e67 gb-button-text\" href=\"https:\/\/marketing.pueble.ar\/pt\/gestion-de-campanas-publicitarias\/\" target=\"_blank\" rel=\"noopener noreferrer\">Saiba mais<\/a>\n\n<\/div><\/div>\n\n<div class=\"gb-grid-column gb-grid-column-aef7c7a1\"><div class=\"gb-container gb-container-aef7c7a1\"><\/div><\/div>\n\n<div class=\"gb-grid-column gb-grid-column-b1822baf\"><div class=\"gb-container gb-container-b1822baf\">\n<div class=\"wp-block-image\">\n<figure class=\"aligncenter size-full is-resized\"><img loading=\"lazy\" decoding=\"async\" width=\"500\" height=\"500\" src=\"https:\/\/marketing.pueble.ar\/wp-content\/uploads\/2024\/04\/online-course-icon-style-free-vector-removebg-preview.png\" alt=\"\" class=\"wp-image-1318\" style=\"width:128px;height:auto\" srcset=\"https:\/\/marketing.pueble.ar\/wp-content\/uploads\/2024\/04\/online-course-icon-style-free-vector-removebg-preview.png 500w, https:\/\/marketing.pueble.ar\/wp-content\/uploads\/2024\/04\/online-course-icon-style-free-vector-removebg-preview-300x300.png 300w, https:\/\/marketing.pueble.ar\/wp-content\/uploads\/2024\/04\/online-course-icon-style-free-vector-removebg-preview-150x150.png 150w\" sizes=\"auto, (max-width: 500px) 100vw, 500px\" \/><\/figure>\n<\/div>\n\n\n<p class=\"gb-headline gb-headline-61fc2852 gb-headline-text\">Capacita\u00e7\u00e3o em Marketing Digital<\/p>\n\n\n\n<h2 class=\"gb-headline gb-headline-eb1175e6 gb-headline-text\">Oferecemos semin\u00e1rios presenciais e online em Marketing Digital Tur\u00edstico, Fotografia, Gest\u00e3o de Redes Sociais e Cria\u00e7\u00e3o de Campanhas Publicit\u00e1rias no Meta Ads.<\/h2>\n\n\n\n<a class=\"gb-button gb-button-096d3af3 gb-button-text\" href=\"https:\/\/marketing.pueble.ar\/pt\/cursos-de-marketing-digital\/\" target=\"_blank\" rel=\"noopener noreferrer\">Saiba mais<\/a>\n\n<\/div><\/div>\n<\/div>\n<\/div>\n\n<section class=\"gb-container gb-container-a76bec78\">\n\n<figure class=\"gb-block-image gb-block-image-fff43424\"><img loading=\"lazy\" decoding=\"async\" width=\"1414\" height=\"2000\" class=\"gb-image gb-image-fff43424\" src=\"https:\/\/marketing.pueble.ar\/wp-content\/uploads\/2026\/02\/BRASIL-PARA-ARGENTINOS-2-1.png\" alt=\"\" title=\"BRASIL PARA ARGENTINOS (2)\" srcset=\"https:\/\/marketing.pueble.ar\/wp-content\/uploads\/2026\/02\/BRASIL-PARA-ARGENTINOS-2-1.png 1414w, https:\/\/marketing.pueble.ar\/wp-content\/uploads\/2026\/02\/BRASIL-PARA-ARGENTINOS-2-1-212x300.png 212w, https:\/\/marketing.pueble.ar\/wp-content\/uploads\/2026\/02\/BRASIL-PARA-ARGENTINOS-2-1-724x1024.png 724w, https:\/\/marketing.pueble.ar\/wp-content\/uploads\/2026\/02\/BRASIL-PARA-ARGENTINOS-2-1-768x1086.png 768w, https:\/\/marketing.pueble.ar\/wp-content\/uploads\/2026\/02\/BRASIL-PARA-ARGENTINOS-2-1-1086x1536.png 1086w, https:\/\/marketing.pueble.ar\/wp-content\/uploads\/2026\/02\/BRASIL-PARA-ARGENTINOS-2-1-8x12.png 8w\" sizes=\"auto, (max-width: 1414px) 100vw, 1414px\" \/><\/figure>\n\n<\/section>","protected":false},"excerpt":{"rendered":"<p>Marketing Digital tur\u00edstico<\/p>","protected":false},"author":1,"featured_media":0,"parent":0,"menu_order":0,"comment_status":"closed","ping_status":"closed","template":"","meta":{"footnotes":""},"class_list":["post-31","page","type-page","status-publish"],"_links":{"self":[{"href":"https:\/\/marketing.pueble.ar\/pt\/wp-json\/wp\/v2\/pages\/31","targetHints":{"allow":["GET"]}}],"collection":[{"href":"https:\/\/marketing.pueble.ar\/pt\/wp-json\/wp\/v2\/pages"}],"about":[{"href":"https:\/\/marketing.pueble.ar\/pt\/wp-json\/wp\/v2\/types\/page"}],"author":[{"embeddable":true,"href":"https:\/\/marketing.pueble.ar\/pt\/wp-json\/wp\/v2\/users\/1"}],"replies":[{"embeddable":true,"href":"https:\/\/marketing.pueble.ar\/pt\/wp-json\/wp\/v2\/comments?post=31"}],"version-history":[{"count":17,"href":"https:\/\/marketing.pueble.ar\/pt\/wp-json\/wp\/v2\/pages\/31\/revisions"}],"predecessor-version":[{"id":2147,"href":"https:\/\/marketing.pueble.ar\/pt\/wp-json\/wp\/v2\/pages\/31\/revisions\/2147"}],"wp:attachment":[{"href":"https:\/\/marketing.pueble.ar\/pt\/wp-json\/wp\/v2\/media?parent=31"}],"curies":[{"name":"wp","href":"https:\/\/api.w.org\/{rel}","templated":true}]}}