{"id":33,"date":"2021-11-27T22:42:01","date_gmt":"2021-11-27T22:42:01","guid":{"rendered":"https:\/\/plumber-gp.wordifysites.com\/?page_id=33"},"modified":"2025-09-09T00:27:03","modified_gmt":"2025-09-09T00:27:03","slug":"equipo","status":"publish","type":"page","link":"https:\/\/marketing.pueble.ar\/pt\/equipo\/","title":{"rendered":"equipe"},"content":{"rendered":"<section class=\"gb-container gb-container-fe6b4557\">\n\n<h2 class=\"gb-headline gb-headline-15114fa3\"><span class=\"gb-icon\"><svg xmlns=\"http:\/\/www.w3.org\/2000\/svg\" width=\"16\" height=\"16\" class=\"bi bi-dash\" viewbox=\"0 0 16 16\">   <path d=\"M4 8a.5.5 0 0 1 .5-.5h7a.5.5 0 0 1 0 1h-7A.5.5 0 0 1 4 8z\"><\/path> <\/svg><\/span><span class=\"gb-headline-text\">Equipe Pueblear<\/span><\/h2>\n\n\n\n<p class=\"gb-headline gb-headline-d99fbab7 gb-headline-text\"><em>Somos uma equipe interdisciplinar de profissionais. <\/em><\/p>\n\n\n<div class=\"gb-container gb-container-4cc94307\">\n<div class=\"gb-grid-wrapper gb-grid-wrapper-76064b4d\">\n<div class=\"gb-grid-column gb-grid-column-f9dfacf7\"><div class=\"gb-container gb-container-f9dfacf7\"><\/div><\/div>\n\n<div class=\"gb-grid-column gb-grid-column-b6cb145e\"><div class=\"gb-container gb-container-b6cb145e\">\n\n<figure class=\"gb-block-image gb-block-image-03c316bd\"><img loading=\"lazy\" decoding=\"async\" width=\"1080\" height=\"1920\" class=\"gb-image gb-image-03c316bd\" src=\"https:\/\/marketing.pueble.ar\/wp-content\/uploads\/2024\/04\/igna-8.jpg\" alt=\"\" title=\"igna-8\" srcset=\"https:\/\/marketing.pueble.ar\/wp-content\/uploads\/2024\/04\/igna-8.jpg 1080w, https:\/\/marketing.pueble.ar\/wp-content\/uploads\/2024\/04\/igna-8-169x300.jpg 169w, https:\/\/marketing.pueble.ar\/wp-content\/uploads\/2024\/04\/igna-8-576x1024.jpg 576w, https:\/\/marketing.pueble.ar\/wp-content\/uploads\/2024\/04\/igna-8-768x1365.jpg 768w, https:\/\/marketing.pueble.ar\/wp-content\/uploads\/2024\/04\/igna-8-864x1536.jpg 864w\" sizes=\"auto, (max-width: 1080px) 100vw, 1080px\" \/><\/figure>\n\n\n\n<h3 class=\"gb-headline gb-headline-325edbe2 gb-headline-text\">Ignacio<\/h3>\n\n\n\n<p class=\"gb-headline gb-headline-d46badf1 gb-headline-text\">Bi\u00f3logo, Dronero, Fot\u00f3grafo, Dise\u00f1ador Web <\/p>\n\n\n<div class=\"gb-container gb-container-e1d888fc\">\n\n<a class=\"gb-button gb-button-abd48be7\" href=\"https:\/\/www.instagram.com\/ignacio.pueble.ar\/?utm_source=ig_web_button_share_sheet\" target=\"_blank\" rel=\"noopener noreferrer\"><span class=\"gb-icon\"><svg aria-hidden=\"true\" role=\"img\" height=\"1em\" width=\"1em\" viewbox=\"0 0 448 512\" xmlns=\"http:\/\/www.w3.org\/2000\/svg\"><path fill=\"currentColor\" d=\"M224.1 141c-63.6 0-114.9 51.3-114.9 114.9s51.3 114.9 114.9 114.9S339 319.5 339 255.9 287.7 141 224.1 141zm0 189.6c-41.1 0-74.7-33.5-74.7-74.7s33.5-74.7 74.7-74.7 74.7 33.5 74.7 74.7-33.6 74.7-74.7 74.7zm146.4-194.3c0 14.9-12 26.8-26.8 26.8-14.9 0-26.8-12-26.8-26.8s12-26.8 26.8-26.8 26.8 12 26.8 26.8zm76.1 27.2c-1.7-35.9-9.9-67.7-36.2-93.9-26.2-26.2-58-34.4-93.9-36.2-37-2.1-147.9-2.1-184.9 0-35.8 1.7-67.6 9.9-93.9 36.1s-34.4 58-36.2 93.9c-2.1 37-2.1 147.9 0 184.9 1.7 35.9 9.9 67.7 36.2 93.9s58 34.4 93.9 36.2c37 2.1 147.9 2.1 184.9 0 35.9-1.7 67.7-9.9 93.9-36.2 26.2-26.2 34.4-58 36.2-93.9 2.1-37 2.1-147.8 0-184.8zM398.8 388c-7.8 19.6-22.9 34.7-42.6 42.6-29.5 11.7-99.5 9-132.1 9s-102.7 2.6-132.1-9c-19.6-7.8-34.7-22.9-42.6-42.6-11.7-29.5-9-99.5-9-132.1s-2.6-102.7 9-132.1c7.8-19.6 22.9-34.7 42.6-42.6 29.5-11.7 99.5-9 132.1-9s102.7-2.6 132.1 9c19.6 7.8 34.7 22.9 42.6 42.6 11.7 29.5 9 99.5 9 132.1s2.7 102.7-9 132.1z\"><\/path><\/svg><\/span><\/a>\n\n<\/div>\n<\/div><\/div>\n\n<div class=\"gb-grid-column gb-grid-column-2a8aaf3a\"><div class=\"gb-container gb-container-2a8aaf3a\">\n\n<figure class=\"gb-block-image gb-block-image-0d480299\"><img loading=\"lazy\" decoding=\"async\" width=\"1920\" height=\"2560\" class=\"gb-image gb-image-0d480299\" src=\"https:\/\/marketing.pueble.ar\/wp-content\/uploads\/2024\/04\/20231201_203328-scaled.jpg\" alt=\"\" title=\"20231201_203328\" srcset=\"https:\/\/marketing.pueble.ar\/wp-content\/uploads\/2024\/04\/20231201_203328-scaled.jpg 1920w, https:\/\/marketing.pueble.ar\/wp-content\/uploads\/2024\/04\/20231201_203328-225x300.jpg 225w, https:\/\/marketing.pueble.ar\/wp-content\/uploads\/2024\/04\/20231201_203328-768x1024.jpg 768w, https:\/\/marketing.pueble.ar\/wp-content\/uploads\/2024\/04\/20231201_203328-1152x1536.jpg 1152w, https:\/\/marketing.pueble.ar\/wp-content\/uploads\/2024\/04\/20231201_203328-1536x2048.jpg 1536w\" sizes=\"auto, (max-width: 1920px) 100vw, 1920px\" \/><\/figure>\n\n\n\n<h3 class=\"gb-headline gb-headline-0edab027 gb-headline-text\">Angeles<\/h3>\n\n\n\n<p class=\"gb-headline gb-headline-4a641569 gb-headline-text\">Comunicadora, Filmaker, Fot\u00f3grafa, Dise\u00f1adora Gr\u00e1fica<\/p>\n\n\n<div class=\"gb-container gb-container-bc096421\">\n\n<a class=\"gb-button gb-button-27e57bef\" href=\"https:\/\/www.instagram.com\/angeles.pueble.ar?utm_source=ig_web_button_share_sheet&amp;igsh=ZDNlZDc0MzIxNw==\" target=\"_blank\" rel=\"noopener noreferrer\"><span class=\"gb-icon\"><svg aria-hidden=\"true\" role=\"img\" height=\"1em\" width=\"1em\" viewbox=\"0 0 448 512\" xmlns=\"http:\/\/www.w3.org\/2000\/svg\"><path fill=\"currentColor\" d=\"M224.1 141c-63.6 0-114.9 51.3-114.9 114.9s51.3 114.9 114.9 114.9S339 319.5 339 255.9 287.7 141 224.1 141zm0 189.6c-41.1 0-74.7-33.5-74.7-74.7s33.5-74.7 74.7-74.7 74.7 33.5 74.7 74.7-33.6 74.7-74.7 74.7zm146.4-194.3c0 14.9-12 26.8-26.8 26.8-14.9 0-26.8-12-26.8-26.8s12-26.8 26.8-26.8 26.8 12 26.8 26.8zm76.1 27.2c-1.7-35.9-9.9-67.7-36.2-93.9-26.2-26.2-58-34.4-93.9-36.2-37-2.1-147.9-2.1-184.9 0-35.8 1.7-67.6 9.9-93.9 36.1s-34.4 58-36.2 93.9c-2.1 37-2.1 147.9 0 184.9 1.7 35.9 9.9 67.7 36.2 93.9s58 34.4 93.9 36.2c37 2.1 147.9 2.1 184.9 0 35.9-1.7 67.7-9.9 93.9-36.2 26.2-26.2 34.4-58 36.2-93.9 2.1-37 2.1-147.8 0-184.8zM398.8 388c-7.8 19.6-22.9 34.7-42.6 42.6-29.5 11.7-99.5 9-132.1 9s-102.7 2.6-132.1-9c-19.6-7.8-34.7-22.9-42.6-42.6-11.7-29.5-9-99.5-9-132.1s-2.6-102.7 9-132.1c7.8-19.6 22.9-34.7 42.6-42.6 29.5-11.7 99.5-9 132.1-9s102.7-2.6 132.1 9c19.6 7.8 34.7 22.9 42.6 42.6 11.7 29.5 9 99.5 9 132.1s2.7 102.7-9 132.1z\"><\/path><\/svg><\/span><\/a>\n\n<\/div>\n<\/div><\/div>\n\n<div class=\"gb-grid-column gb-grid-column-7ceb8574\"><div class=\"gb-container gb-container-7ceb8574\"><\/div><\/div>\n<\/div>\n<\/div>\n<\/section>\n\n<section class=\"gb-container gb-container-d1d23a6f\">\n<div class=\"gb-container gb-container-f79d6da5\"><\/div>\n<\/section>","protected":false},"excerpt":{"rendered":"<p>El Equipo Pueblear somos un equipo interdisciplinario de profesionales<\/p>","protected":false},"author":1,"featured_media":0,"parent":0,"menu_order":0,"comment_status":"closed","ping_status":"closed","template":"","meta":{"footnotes":""},"class_list":["post-33","page","type-page","status-publish"],"_links":{"self":[{"href":"https:\/\/marketing.pueble.ar\/pt\/wp-json\/wp\/v2\/pages\/33","targetHints":{"allow":["GET"]}}],"collection":[{"href":"https:\/\/marketing.pueble.ar\/pt\/wp-json\/wp\/v2\/pages"}],"about":[{"href":"https:\/\/marketing.pueble.ar\/pt\/wp-json\/wp\/v2\/types\/page"}],"author":[{"embeddable":true,"href":"https:\/\/marketing.pueble.ar\/pt\/wp-json\/wp\/v2\/users\/1"}],"replies":[{"embeddable":true,"href":"https:\/\/marketing.pueble.ar\/pt\/wp-json\/wp\/v2\/comments?post=33"}],"version-history":[{"count":12,"href":"https:\/\/marketing.pueble.ar\/pt\/wp-json\/wp\/v2\/pages\/33\/revisions"}],"predecessor-version":[{"id":1761,"href":"https:\/\/marketing.pueble.ar\/pt\/wp-json\/wp\/v2\/pages\/33\/revisions\/1761"}],"wp:attachment":[{"href":"https:\/\/marketing.pueble.ar\/pt\/wp-json\/wp\/v2\/media?parent=33"}],"curies":[{"name":"wp","href":"https:\/\/api.w.org\/{rel}","templated":true}]}}